{"id":3344,"date":"2021-11-23T10:33:02","date_gmt":"2021-11-23T15:33:02","guid":{"rendered":"http:\/\/localhost:10004\/?page_id=3344"},"modified":"2026-04-23T11:02:34","modified_gmt":"2026-04-23T15:02:34","slug":"rfid-tracking","status":"publish","type":"page","link":"https:\/\/www.atmshealth.com\/fr\/rfid-tracking\/","title":{"rendered":"Suivi RFID"},"content":{"rendered":"<div class=\"brz-root__container brz-reset-all\">\n<section id=\"gfxmykjsnjrtrqxhizvaqkrlsgslzbuogmsm\" class=\"brz-section brz-css-gszA7\">\n<div class=\"brz-section__content brz-section--boxed brz-css-aKGb6 brz-css-kVOp8\" data-brz-custom-id=\"kuoormnqrbbqffosrxprquvlynrfjbkeqsci\">\n<div class=\"brz-container brz-css-gwGG3\">\n<div id class=\"brz-css-cumZm brz-wrapper\">\n<div class=\"brz-rich-text brz-rich-text__custom brz-css-mGxyG\" data-brz-custom-id=\"eizigmsnyicuzuntgfoiyeuzdnotnlybgppu\">\n<div data-brz-translate-text=\"1\">\n<p class=\"brz-tp-xs-empty brz-lh-xs-1_3 brz-ls-xs-0 brz-fw-xs-500 brz-fss-xs-vw brz-fs-xs-7 brz-tp-lg-empty brz-lh-lg-1_3 brz-ls-lg-0 brz-fw-lg-500 brz-fss-lg-px brz-fs-lg-52 brz-ft-google brz-ff-montserrat brz-text-lg-center brz-fs-sm-5 brz-fss-sm-vw brz-fw-sm-500 brz-ls-sm-0 brz-lh-sm-1_3 brz-tp-sm-empty brz-css-tpAY7\" data-generated-css=\"brz-css-jrapg\" data-uniq-id=\"eauml\"><span>Suivi RFID par UBI Solution<\/span><\/p>\n<p class=\"brz-tp-xs-empty brz-lh-xs-1_3 brz-ls-xs-0 brz-fw-xs-400 brz-fss-xs-vw brz-fw-lg-400 brz-fss-lg-px brz-fs-lg-26 brz-ft-google brz-ff-montserrat brz-tp-lg-empty brz-lh-lg-1_3 brz-ls-lg-0 brz-text-lg-center brz-fss-sm-vw brz-fw-sm-400 brz-ls-sm-0 brz-lh-sm-1_3 brz-tp-sm-empty brz-fs-sm-4 brz-fs-xs-5 brz-css-mq8KY\" data-generated-css=\"brz-css-ikymv\" data-uniq-id=\"hagag\"><span>Avec le cloud, le suivi n'a jamais \u00e9t\u00e9 aussi efficace et facile \u00e0 g\u00e9rer. <\/span><\/p>\n<\/div>\n<\/div>\n<\/div>\n<\/div>\n<\/div>\n<\/section>\n<section id=\"ciugsiiehhbiqjlmfkyxwnhgzrixyizenpfh\" class=\"brz-section brz-css-gszA7\">\n<div class=\"brz-section__content brz-section--boxed brz-css-aKGb6 brz-css-sRWbX\" data-brz-custom-id=\"amuvnesvnqdomsfjqnawgqetjentaxztgoar\">\n<div class=\"brz-bg\">\n<div class=\"brz-bg-color\"><\/div>\n<\/div>\n<div class=\"brz-container brz-css-gwGG3\">\n<div id class=\"brz-css-cumZm brz-css-vOD4y brz-wrapper\">\n<div class=\"brz-spacer brz-css-lzXjW brz-css-aiYbr\"><\/div>\n<\/div>\n<\/div>\n<\/div>\n<\/section>\n<section id=\"bwemlplsxxkrpxbradaewafxqukliueiioft\" class=\"brz-section brz-css-gszA7\">\n<div class=\"brz-section__content brz-section--boxed brz-css-aKGb6 brz-css-gZxCs\" data-brz-custom-id=\"jjedzucahvnmbrnihfbyxlhbijoocwhausrz\">\n<div class=\"brz-bg\">\n<div class=\"brz-bg-color\"><\/div>\n<\/div>\n<div class=\"brz-container brz-css-gwGG3\">\n<div class=\"brz-row__container brz-css-pdLv0\" data-brz-custom-id=\"xwnofbanzxpmrfrvxeqxilqzogkfxakycqzd\">\n<div class=\"brz-bg\"><\/div>\n<div class=\"brz-row brz-css-um6yy brz-css-qQqO5\">\n<div class=\"brz-columns brz-css-tkWQY brz-css-dcx3i\" data-brz-custom-id=\"cqpyyjxmaffrnnendwyjokxwietldnintsfo\">\n<div class=\"brz-bg\"><\/div>\n<div class=\"brz-column__items brz-css-kh0tw\">\n<div id class=\"brz-css-cumZm brz-wrapper\">\n<div class=\"brz-embed-code brz-css-pKRUZ brz-css-ynnLY\" data-brz-custom-id=\"dewgodhvqdhtmenriktipxvbbqfjtjskhzmw\">\n<div class=\"brz-embed-content\">\n<div>\n<img data-recalc-dims=\"1\" decoding=\"async\" src=\"https:\/\/i0.wp.com\/www.atmshealth.com\/wp-content\/uploads\/2021\/12\/003-low-price.png?w=800&#038;ssl=1\" alt=\"alt-icon-title\"  >\n<\/div>\n<\/div>\n<\/div>\n<\/div>\n<div id class=\"brz-css-cumZm brz-wrapper\">\n<div class=\"brz-rich-text brz-rich-text__custom brz-css-mGxyG\" data-brz-custom-id=\"bptrzpgexfqgzxkofumemyuphkvzrsedakqp\">\n<div data-brz-translate-text=\"1\">\n<p class=\"brz-fs-sm-3 brz-tp-sm-empty brz-lh-sm-1_3 brz-ls-sm-0 brz-fw-sm-500 brz-fss-sm-vw brz-tp-xs-empty brz-lh-xs-1_3 brz-ls-xs-0 brz-fw-xs-500 brz-fss-xs-vw brz-fs-xs-5 brz-text-lg-center brz-tp-lg-empty brz-ff-montserrat brz-ft-google brz-fs-lg-28 brz-fss-lg-px brz-fw-lg-500 brz-ls-lg-0 brz-lh-lg-1_3 brz-css-oU2q2\" data-uniq-id=\"odwqn\" data-generated-css=\"brz-css-fdxtd\"><span>R\u00e9duisez vos achats jusqu'\u00e0 25 % en 2 ans<\/span><\/p>\n<\/div>\n<\/div>\n<\/div>\n<\/div>\n<\/div>\n<div class=\"brz-columns brz-css-tkWQY brz-css-sUeCy\" data-brz-custom-id=\"qnoinotjefjteppxzssfiqbjqynzmmxfuxdd\">\n<div class=\"brz-bg\"><\/div>\n<div class=\"brz-column__items brz-css-kh0tw\">\n<div id class=\"brz-css-cumZm brz-wrapper\">\n<div class=\"brz-embed-code brz-css-pKRUZ brz-css-zYco7\" data-brz-custom-id=\"pylxsfcmoldhuzrsmbhuztcwmvvklmtrjkxk\">\n<div class=\"brz-embed-content\">\n<div>\n<img data-recalc-dims=\"1\" decoding=\"async\" src=\"https:\/\/i0.wp.com\/www.atmshealth.com\/wp-content\/uploads\/2021\/12\/refresh.png?w=800&#038;ssl=1\" alt=\"alt-icon-title\"  >\n<\/div>\n<\/div>\n<\/div>\n<\/div>\n<div id class=\"brz-css-cumZm brz-wrapper\">\n<div class=\"brz-rich-text brz-rich-text__custom brz-css-mGxyG\" data-brz-custom-id=\"sdnekslowvkynpovfdxjbrdtissjhackyqfb\">\n<div data-brz-translate-text=\"1\">\n<p class=\"brz-lh-lg-1_3 brz-ls-lg-0 brz-fw-lg-500 brz-fss-lg-px brz-fs-lg-28 brz-ft-google brz-ff-montserrat brz-tp-lg-empty brz-text-lg-center brz-fs-xs-5 brz-fss-xs-vw brz-fw-xs-500 brz-ls-xs-0 brz-lh-xs-1_3 brz-tp-xs-empty brz-fss-sm-vw brz-fw-sm-500 brz-ls-sm-0 brz-lh-sm-1_3 brz-tp-sm-empty brz-fs-sm-3 brz-css-wP03C\" data-generated-css=\"brz-css-zjska\" data-uniq-id=\"svhpr\"><span>R\u00e9duire de 20 % la rotation des actifs<\/span><\/p>\n<\/div>\n<\/div>\n<\/div>\n<\/div>\n<\/div>\n<div class=\"brz-columns brz-css-tkWQY brz-css-s68Z8\" data-brz-custom-id=\"zooapounrcxbynuzyqosoqddyxdpwgqxqhup\">\n<div class=\"brz-bg\"><\/div>\n<div class=\"brz-column__items brz-css-kh0tw\">\n<div id class=\"brz-css-cumZm brz-wrapper\">\n<div class=\"brz-embed-code brz-css-pKRUZ brz-css-jofUj\" data-brz-custom-id=\"rdxycnrzkfnvccqowaqyiwzmnidsxlhzkpgj\">\n<div class=\"brz-embed-content\">\n<div>\n<img data-recalc-dims=\"1\" decoding=\"async\" src=\"https:\/\/i0.wp.com\/www.atmshealth.com\/wp-content\/uploads\/2021\/12\/stack.png?w=800&#038;ssl=1\" alt=\"alt-icon-title\"  >\n<\/div>\n<\/div>\n<\/div>\n<\/div>\n<div id class=\"brz-css-cumZm brz-wrapper\">\n<div class=\"brz-rich-text brz-rich-text__custom brz-css-mGxyG\" data-brz-custom-id=\"fmzypucqlzopuucwahttsrlpwsilrnjegltd\">\n<div data-brz-translate-text=\"1\">\n<p class=\"brz-fs-sm-3 brz-tp-sm-empty brz-lh-sm-1_3 brz-ls-sm-0 brz-fw-sm-500 brz-fss-sm-vw brz-fs-xs-5 brz-tp-xs-empty brz-lh-xs-1_3 brz-ls-xs-0 brz-fw-xs-500 brz-fss-xs-vw brz-text-lg-center brz-tp-lg-empty brz-ff-montserrat brz-ft-google brz-fs-lg-28 brz-fss-lg-px brz-fw-lg-500 brz-ls-lg-0 brz-lh-lg-1_3 brz-css-fZhUK\" data-uniq-id=\"jbugc\" data-generated-css=\"brz-css-jzeof\"><span>R\u00e9duire les niveaux d'inventaire de 30 %.<\/span><\/p>\n<\/div>\n<\/div>\n<\/div>\n<\/div>\n<\/div>\n<\/div>\n<\/div>\n<\/div>\n<\/div>\n<\/section>\n<section id=\"dyyvmukfrxjuainofltyqdycoijblkdtdhid\" class=\"brz-section brz-css-gszA7\">\n<div class=\"brz-section__content brz-section--boxed brz-css-aKGb6 brz-css-e_RV8\" data-brz-custom-id=\"qzarmxcpotxcobdbwonniuphrafxfyulnotp\">\n<div class=\"brz-bg\">\n<div class=\"brz-bg-color\"><\/div>\n<\/div>\n<div class=\"brz-container brz-css-gwGG3\">\n<div id class=\"brz-css-cumZm brz-css-vOD4y brz-wrapper\">\n<div class=\"brz-spacer brz-css-lzXjW brz-css-mmKGg\"><\/div>\n<\/div>\n<\/div>\n<\/div>\n<\/section>\n<section id=\"qyqsftjgecvabkchroonmypfmqwagmcegpss\" class=\"brz-section brz-css-gszA7\">\n<div class=\"brz-section__content brz-section--boxed brz-css-aKGb6 brz-css-sCvtH\" data-brz-custom-id=\"qpihujhdnpmwxwsjaiarsxfebwvjmrpvzjmq\">\n<div class=\"brz-container brz-css-gwGG3\">\n<div id class=\"brz-css-cumZm brz-wrapper\">\n<div class=\"brz-rich-text brz-rich-text__custom brz-css-mGxyG\" data-brz-custom-id=\"abhsmljlbbdxlkkncqkgbubuzmkjqrwmptmd\">\n<div data-brz-translate-text=\"1\">\n<p class=\"brz-text-lg-center brz-tp-lg-empty brz-ff-montserrat brz-ft-google brz-fs-lg-46 brz-fss-lg-px brz-fw-lg-500 brz-ls-lg-0 brz-lh-lg-1_3 brz-tp-sm-empty brz-fs-sm-5 brz-fss-sm-vw brz-fw-sm-500 brz-ls-sm-0 brz-lh-sm-1_3 brz-tp-xs-empty brz-fs-xs-6 brz-fss-xs-vw brz-fw-xs-500 brz-ls-xs-0 brz-lh-xs-1_3 brz-css-ts45P\" data-generated-css=\"brz-css-xmfxz\" data-uniq-id=\"hcmyo\"><span>Exemple de surveillance du d\u00e9bit dans l'industrie textile (h\u00f4pital\/h\u00f4tel)<\/span><\/p>\n<\/div>\n<\/div>\n<\/div>\n<div id class=\"brz-css-cumZm brz-wrapper\">\n<div class=\"brz-line brz-line-default brz-css-d9TIC\" data-brz-custom-id=\"vbqsvvtqituzrjwvbxqutmxxzbytnddzobdu\">\n<hr class=\"brz-hr\"><\/div>\n<\/div>\n<div id class=\"brz-css-cumZm brz-wrapper\">\n<div class=\"brz-image brz-css-ltUY2\" data-brz-custom-id=\"xamjgypdzhmsixueieazbuvaxcvwwdldzyxh\"><img data-recalc-dims=\"1\" decoding=\"async\" class=\"brz-img\" src=\"https:\/\/i0.wp.com\/www.atmshealth.com\/wp-content\/uploads\/brizy\/imgs\/ATMS-RFID-878x527x0x0x878x527x1638897212.jpg?w=800&#038;ssl=1\" alt=\"\" loading=\"lazy\"><\/div>\n<\/div>\n<\/div>\n<\/div>\n<\/section>\n<section id=\"acybycvvkvcdjkwaozxakxsrackebspaoutq\" class=\"brz-section brz-css-gszA7\">\n<div class=\"brz-section__content brz-section--boxed brz-css-aKGb6 brz-css-ytc3a\" data-brz-custom-id=\"uoqajxchbrmsmvquakqttgjzucnjwbjohgmn\">\n<div class=\"brz-container brz-css-gwGG3\">\n<div id class=\"brz-css-cumZm brz-wrapper\">\n<div class=\"brz-rich-text brz-rich-text__custom brz-css-mGxyG\" data-brz-custom-id=\"azwszoynvnrnmajigamvxfacltqnsxuziclt\">\n<div data-brz-translate-text=\"1\">\n<p class=\"brz-fw-lg-500 brz-fss-lg-px brz-fs-lg-46 brz-ft-google brz-ff-montserrat brz-tp-lg-empty brz-lh-lg-1_9 brz-ls-lg-0 brz-text-lg-center brz-fss-xs-vw brz-fw-xs-600 brz-ls-xs-0 brz-lh-xs-1_5 brz-tp-xs-empty brz-fs-xs-6 brz-fs-sm-5 brz-fss-sm-vw brz-fw-sm-500 brz-ls-sm-0 brz-lh-sm-1_5 brz-tp-sm-empty brz-css-glFY5\" data-uniq-id=\"uvyvj\" data-generated-css=\"brz-css-mtsjz\"><u>Voyez le processus de marquage en temps r\u00e9el<\/u><\/p>\n<\/div>\n<\/div>\n<\/div>\n<div id class=\"brz-css-cumZm brz-wrapper\">\n<div class=\"brz-video brz-youtube-video brz-video-on-controls-hidden brz-css-ulEt3\" data-brz-custom-id=\"kwzniyyqmmeiwmucmzwpdplkwgbaexhipyym\">\n<div class=\"brz-video-content\" data-loop=\"false\" data-muted=\"false\" data-autoplay=\"off\">\n<div class=\"video-wrapper brz-image-fix-16-9 brz-css-bG3g8\">\n<div class=\"brz-video-data brz-hidden\" data-src=\"https:\/\/www.youtube.com\/embed\/XzD5daI--9g?autoplay=0&amp;controls=1&amp;start=0&amp;end=0&amp;modestbranding=0&amp;wmode=transparent&amp;enablejsapi=1&amp;loop=0&amp;rel=0&amp;mute=0\" data-population data-controls=\"true\" data-branding=\"true\" data-intro=\"true\" data-start=\"0\" data-end=\"0\" data-loop=\"false\" data-autoplay=\"off\"><\/div>\n<\/div>\n<\/div>\n<\/div>\n<\/div>\n<\/div>\n<\/div>\n<\/section>\n<section id=\"jziasvzisgwynbuykbhnnpysejxuhdywxqex\" class=\"brz-section brz-css-gszA7\">\n<div class=\"brz-section__content brz-section--boxed brz-css-aKGb6 brz-css-yQUoU\" data-brz-custom-id=\"qxoprlcvbfgoryqhzvcocoiwnwkvacshernf\">\n<div class=\"brz-bg\">\n<div class=\"brz-bg-color\"><\/div>\n<\/div>\n<div class=\"brz-container brz-css-gwGG3\">\n<div id class=\"brz-css-cumZm brz-css-vOD4y brz-wrapper\">\n<div class=\"brz-spacer brz-css-lzXjW brz-css-v1CW3\"><\/div>\n<\/div>\n<\/div>\n<\/div>\n<\/section>\n<section id=\"bdnhwwuclqbfaofxtkanqshwavlsyjszhlid\" class=\"brz-section brz-css-gszA7\">\n<div class=\"brz-section__content brz-section--boxed brz-css-aKGb6 brz-css-jz5fV\" data-brz-custom-id=\"vdadlqezxyiczcgajlyzbtloewbqrzdmlbxb\">\n<div class=\"brz-bg\">\n<div class=\"brz-bg-color\"><\/div>\n<\/div>\n<div class=\"brz-container brz-css-gwGG3\">\n<div id class=\"brz-css-cumZm brz-wrapper\">\n<div class=\"brz-rich-text brz-rich-text__custom brz-css-mGxyG\" data-brz-custom-id=\"gztdppyfmqcftdcepqwbwldyeuwpmcrvtkps\">\n<div data-brz-translate-text=\"1\">\n<p class=\"brz-text-lg-center brz-ff-montserrat brz-ft-google brz-fs-lg-46 brz-fss-lg-px brz-fw-lg-500 brz-ls-lg-m_1_5 brz-lh-lg-1_3 brz-tp-lg-empty brz-fs-sm-4 brz-fss-sm-vw brz-fw-sm-500 brz-ls-sm-m_1_5 brz-lh-sm-1_3 brz-tp-sm-empty brz-fss-xs-vw brz-fw-xs-500 brz-ls-xs-m_1_5 brz-lh-xs-1_3 brz-tp-xs-empty brz-fs-xs-6 brz-css-eeQBN\" data-generated-css=\"brz-css-hawxk\" data-uniq-id=\"rdliv\"><span>Commencez d\u00e8s maintenant \u00e0 am\u00e9liorer le fonctionnement de votre \u00e9tablissement<\/span><\/p>\n<\/div>\n<\/div>\n<\/div>\n<div id class=\"brz-css-cumZm brz-css-rH3Zd brz-wrapper\">\n<div class=\"brz-line brz-line-default brz-css-d9TIC brz-css-woH0l\" data-brz-custom-id=\"uoaulklvdhiqxnkeingmasrbbmiebdfhyepr\">\n<hr class=\"brz-hr\"><\/div>\n<\/div>\n<div class=\"brz-wrapper-clone brz-css-wrNeH\">\n<div class=\"brz-d-xs-flex brz-flex-xs-wrap brz-css-lsCxG\" data-brz-custom-id>\n<div class=\"brz-wrapper-clone__item\" id=\"mkrhrxejnihukedlfptrkquahcgkpclmipta\"><a class=\"brz-a brz-btn brz-css-w3ESE brz-css-rT35T\" href=\"http:\/\/localhost:10004\/contact-us\/\" target=\"_self\" rel=\"noopener\" data-brz-link-type=\"external\" data-brz-custom-id=\"mkrhrxejnihukedlfptrkquahcgkpclmipta\"><span data-brz-translate-text=\"1\" class=\"brz-span brz-text__editor\">CONTACTEZ-NOUS<\/span><\/a><\/div>\n<\/div>\n<\/div>\n<\/div>\n<\/div>\n<\/section>\n<section id=\"echmvrhkbyuagvxqtyrhqmvfeazhbmsxqkzw\" class=\"brz-section brz-css-gszA7\">\n<div class=\"brz-section__content brz-section--boxed brz-css-aKGb6 brz-css-n4gd_\" data-brz-custom-id=\"towamokrfiwruftgxgmriwprosncxvqjlxeb\">\n<div class=\"brz-bg\">\n<div class=\"brz-bg-color\"><\/div>\n<\/div>\n<div class=\"brz-container brz-css-gwGG3\">\n<div id class=\"brz-css-cumZm brz-css-vOD4y brz-wrapper\">\n<div class=\"brz-spacer brz-css-lzXjW brz-css-jG9Uk\"><\/div>\n<\/div>\n<\/div>\n<\/div>\n<\/section>\n<section id=\"vvcjtbzxxpatplgowgnqgbklewghukikatdz\" class=\"brz-section brz-css-gszA7\">\n<div class=\"brz-section__content brz-section--boxed brz-css-aKGb6 brz-css-puoY2\" data-brz-custom-id=\"qqeqkanagyawykabmilqmdwqvkpqbeppyktp\">\n<div class=\"brz-container brz-css-gwGG3\"><\/div>\n<\/div>\n<\/section>\n<\/div>\n<p>    <!-- version:1714805423 --><\/p>","protected":false},"excerpt":{"rendered":"<p>RFID Tracking From UBI Solution With the cloud, tracking has never been as efficient and easier to manage Reduce Your Purchases Up to 25% in 2 Years Reduce Increase Asset Turnover by 20% Reduce Inventory Levels by 30% Example of Flow Monitoring in the Textile Industry (Hospital\/Hotel) See the Marking Process in Real Time Start [&hellip;]<\/p>\n","protected":false},"author":1,"featured_media":0,"parent":0,"menu_order":0,"comment_status":"closed","ping_status":"closed","template":"template-page-builder.php","meta":{"inline_featured_image":false,"footnotes":""},"class_list":["post-3344","page","type-page","status-publish","hentry"],"aioseo_notices":[],"jetpack_sharing_enabled":true,"brizy_media":[{"id":3462,"url":"https:\/\/www.atmshealth.com\/wp-content\/uploads\/2021\/12\/ATMS-RFID.jpg","name":"ATMS-RFID.jpg","meta":{"brizy_attachment_uid":"wp-eb61f93a5967ca8f0e0fdcc2187e5dc9.jpg","brizy_post_uid":["dae3e46a768def7bdca71ad9e872098a"]}}],"_links":{"self":[{"href":"https:\/\/www.atmshealth.com\/fr\/wp-json\/wp\/v2\/pages\/3344","targetHints":{"allow":["GET"]}}],"collection":[{"href":"https:\/\/www.atmshealth.com\/fr\/wp-json\/wp\/v2\/pages"}],"about":[{"href":"https:\/\/www.atmshealth.com\/fr\/wp-json\/wp\/v2\/types\/page"}],"author":[{"embeddable":true,"href":"https:\/\/www.atmshealth.com\/fr\/wp-json\/wp\/v2\/users\/1"}],"replies":[{"embeddable":true,"href":"https:\/\/www.atmshealth.com\/fr\/wp-json\/wp\/v2\/comments?post=3344"}],"version-history":[{"count":23,"href":"https:\/\/www.atmshealth.com\/fr\/wp-json\/wp\/v2\/pages\/3344\/revisions"}],"predecessor-version":[{"id":3579,"href":"https:\/\/www.atmshealth.com\/fr\/wp-json\/wp\/v2\/pages\/3344\/revisions\/3579"}],"wp:attachment":[{"href":"https:\/\/www.atmshealth.com\/fr\/wp-json\/wp\/v2\/media?parent=3344"}],"curies":[{"name":"wp","href":"https:\/\/api.w.org\/{rel}","templated":true}]}}