{"id":2639,"date":"2021-10-14T14:07:35","date_gmt":"2021-10-14T18:07:35","guid":{"rendered":"http:\/\/localhost:10004\/?page_id=2639"},"modified":"2026-03-02T11:53:30","modified_gmt":"2026-03-02T16:53:30","slug":"medical-gown-level-4","status":"publish","type":"page","link":"https:\/\/www.atmshealth.com\/fr\/medical-gown-level-4\/","title":{"rendered":"Blouse m\u00e9dicale Stedair\u00ae niveau 4"},"content":{"rendered":"<div class=\"brz-root__container brz-reset-all\">\n<section id=\"dxvfeivqgdgbcojsvhwazmnasdclwqdselok\" class=\"brz-section brz-css-bJJ7s\">\n<div class=\"brz-section__content brz-section--boxed brz-css-frhU4 brz-css-om3WR\" data-brz-custom-id=\"jmpfownstodholdhijhzagvuxlbngwzjaant\">\n<div class=\"brz-container brz-css-bvmA6\">\n<div id class=\"brz-css-srvZc brz-wrapper\">\n<div class=\"brz-rich-text brz-rich-text__custom brz-css-klxbp\" data-brz-custom-id=\"ynhwprcfnucgkuztdmfzeaabechiclgnztrf\">\n<div data-brz-translate-text=\"1\">\n<p class=\"brz-tp-sm-empty brz-lh-sm-1_3 brz-ls-sm-0 brz-fw-sm-500 brz-fss-sm-vw brz-fs-sm-6 brz-text-lg-center brz-tp-lg-empty brz-ff-montserrat brz-ft-google brz-fs-lg-52 brz-fss-lg-px brz-fw-lg-500 brz-ls-lg-0 brz-lh-lg-1_5 brz-fs-xs-7 brz-fss-xs-vw brz-fw-xs-500 brz-ls-xs-0 brz-lh-xs-1_5 brz-tp-xs-empty brz-css-uluPL\" data-uniq-id=\"rrzgu\" data-generated-css=\"brz-css-ljkwz\"><span>Blouse m\u00e9dicale Stedair\u00ae niveau 4<\/span><\/p>\n<p class=\"brz-lh-sm-1_3 brz-ls-sm-0 brz-fw-sm-400 brz-fss-sm-vw brz-fs-sm-4 brz-tp-sm-empty brz-tp-lg-empty brz-lh-lg-1_5 brz-ls-lg-0 brz-fw-lg-400 brz-fss-lg-px brz-fs-lg-26 brz-ft-google brz-ff-montserrat brz-text-lg-center brz-fss-xs-vw brz-fw-xs-400 brz-ls-xs-0 brz-lh-xs-1_5 brz-tp-xs-empty brz-fs-xs-5 brz-css-eAj4_\" data-uniq-id=\"wblkl\" data-generated-css=\"brz-css-rcace\"><span>Prot\u00e9gez votre personnel avec une barri\u00e8re chirurgicale \u00e0 haute r\u00e9sistance<\/span><\/p>\n<\/div>\n<\/div>\n<\/div>\n<\/div>\n<\/div>\n<\/section>\n<section id=\"feugluqaqjkpztvtavxcofkpvrvbsqlwohns\" class=\"brz-section brz-css-bJJ7s\">\n<div class=\"brz-section__content brz-section--boxed brz-css-frhU4 brz-css-oMcHA\" data-brz-custom-id=\"eflaozvepfpklnxjbkbtokibxbcihazkfhup\">\n<div class=\"brz-bg\">\n<div class=\"brz-bg-color\"><\/div>\n<\/div>\n<div class=\"brz-container brz-css-bvmA6\">\n<div id class=\"brz-css-srvZc brz-wrapper\">\n<div class=\"brz-rich-text brz-rich-text__custom brz-css-klxbp\" data-brz-custom-id=\"xurdlgwmgjopsjmspdoaheumsozewfjtfbtd\">\n<div data-brz-translate-text=\"1\">\n<p class=\"brz-fs-sm-4 brz-tp-sm-empty brz-lh-sm-1_9 brz-ls-sm-0 brz-fw-sm-500 brz-fss-sm-vw brz-text-lg-center brz-fss-lg-px brz-fw-lg-500 brz-ls-lg-0 brz-lh-lg-1_9 brz-tp-lg-empty brz-ff-montserrat brz-ft-google brz-fs-lg-32 brz-fss-xs-vw brz-fw-xs-500 brz-ls-xs-0 brz-lh-xs-1_9 brz-tp-xs-empty brz-fs-xs-5 brz-css-x7N2I\" data-generated-css=\"brz-css-ahyrc\" data-uniq-id=\"rebmr\"><span>Les barri\u00e8res m\u00e9dicales Stedair\u00ae offrent une protection in\u00e9gal\u00e9e contre : <\/span><\/p>\n<\/div>\n<\/div>\n<\/div>\n<div id class=\"brz-css-srvZc brz-css-rrd0b brz-wrapper\">\n<div class=\"brz-line brz-line-default brz-css-dTsE1 brz-css-aJgU6\" data-brz-custom-id=\"avqcfakhrblzsonmfzjyvitcfoafkitizyfw\">\n<hr class=\"brz-hr\"><\/div>\n<\/div>\n<div id class=\"brz-css-srvZc brz-css-q5X_R brz-wrapper\">\n<div class=\"brz-spacer brz-css-anCpN brz-css-ulq2e\"><\/div>\n<\/div>\n<div class=\"brz-row__container brz-css-p5XkI\" data-brz-custom-id=\"certkbwahcgnsojtiabjgfigkzjafompgmyi\">\n<div class=\"brz-bg\"><\/div>\n<div class=\"brz-row brz-css-jL5FZ brz-css-gcZk5\">\n<div class=\"brz-columns brz-css-lLQg8 brz-css-nHeWb\" data-brz-custom-id=\"thoqgsavoimoandxvwnumbchkhkuepakzzrt\">\n<div class=\"brz-bg\">\n<div class=\"brz-bg-color\"><\/div>\n<\/div>\n<div class=\"brz-column__items brz-css-jxSVX brz-css-lH6ih\">\n<div id class=\"brz-css-srvZc brz-css-q5X_R brz-wrapper\">\n<div class=\"brz-spacer brz-css-anCpN brz-css-yPwtm\"><\/div>\n<\/div>\n<div id class=\"brz-css-srvZc brz-wrapper\">\n<div class=\"brz-embed-code brz-css-cIdx3 brz-css-lWmDS\" data-brz-custom-id=\"hxlsgvyoucvhdzqjiiwhqczbclneidthfkvd\">\n<div class=\"brz-embed-content\">\n<div>\n<img data-recalc-dims=\"1\" decoding=\"async\" src=\"https:\/\/i0.wp.com\/www.atmshealth.com\/wp-content\/uploads\/2021\/10\/droplet.png?w=800&#038;ssl=1\" alt=\"alt-icon-title\"  >\n<\/div>\n<\/div>\n<\/div>\n<\/div>\n<div id class=\"brz-css-srvZc brz-wrapper\">\n<div class=\"brz-rich-text brz-rich-text__custom brz-css-klxbp\" data-brz-custom-id=\"sqytzckjjqbqexzbeobpeiyztujvhuheywkv\">\n<div data-brz-translate-text=\"1\">\n<p class=\"brz-fs-sm-2 brz-tp-sm-empty brz-lh-sm-1_9 brz-ls-sm-0 brz-fw-sm-500 brz-fss-sm-vw brz-fw-lg-500 brz-fss-lg-px brz-text-lg-center brz-tp-lg-empty brz-lh-lg-1_9 brz-ls-lg-0 brz-ff-montserrat brz-ft-google brz-fs-lg-18 brz-fss-xs-vw brz-fw-xs-500 brz-ls-xs-0 brz-lh-xs-1_9 brz-tp-xs-empty brz-fs-xs-4 brz-css-e9GIg\" data-generated-css=\"brz-css-xmibj\" data-uniq-id=\"eqgjk\"><span>Prot\u00e8ge des liquides et du sang<\/span><\/p>\n<\/div>\n<\/div>\n<\/div>\n<div id class=\"brz-css-srvZc brz-css-q5X_R brz-css-x7joO brz-wrapper\">\n<div class=\"brz-spacer brz-css-anCpN brz-css-ziYIU\"><\/div>\n<\/div>\n<\/div>\n<\/div>\n<div class=\"brz-columns brz-css-lLQg8 brz-css-vnqdD\" data-brz-custom-id=\"lcdmnlvgoeybozrlbbvhvbiztfeogandcfks\">\n<div class=\"brz-bg\">\n<div class=\"brz-bg-color\"><\/div>\n<\/div>\n<div class=\"brz-column__items brz-css-jxSVX brz-css-tFBNq\">\n<div id class=\"brz-css-srvZc brz-css-q5X_R brz-wrapper\">\n<div class=\"brz-spacer brz-css-anCpN brz-css-hfL3e\"><\/div>\n<\/div>\n<div id class=\"brz-css-srvZc brz-wrapper\">\n<div class=\"brz-embed-code brz-css-cIdx3 brz-css-nDr5y\" data-brz-custom-id=\"qdcblqsbnevxuqkenuduwlaatljlfacimorn\">\n<div class=\"brz-embed-content\">\n<div>\n<img data-recalc-dims=\"1\" decoding=\"async\" src=\"https:\/\/i0.wp.com\/www.atmshealth.com\/wp-content\/uploads\/2021\/09\/virus.png?w=800&#038;ssl=1\" alt=\"alt-icon-title\"  >\n<\/div>\n<\/div>\n<\/div>\n<\/div>\n<div id class=\"brz-css-srvZc brz-wrapper\">\n<div class=\"brz-rich-text brz-rich-text__custom brz-css-klxbp\" data-brz-custom-id=\"yrjvnqjyiiztkithjuacymqnqhsooszizqwu\">\n<div data-brz-translate-text=\"1\">\n<p class=\"brz-fs-sm-2 brz-tp-sm-empty brz-lh-sm-1_9 brz-ls-sm-0 brz-fw-sm-500 brz-fss-sm-vw brz-text-lg-center brz-tp-lg-empty brz-lh-lg-1_9 brz-ls-lg-0 brz-fw-lg-500 brz-fss-lg-px brz-ff-montserrat brz-ft-google brz-fs-lg-18 brz-fss-xs-vw brz-fw-xs-500 brz-ls-xs-0 brz-lh-xs-1_9 brz-tp-xs-empty brz-fs-xs-4 brz-css-lr7Dl\" data-uniq-id=\"wsxcq\" data-generated-css=\"brz-css-ownjw\"><span>Prot\u00e8ge contre les virus et les agents pathog\u00e8nes transmis par le sang.<\/span><\/p>\n<\/div>\n<\/div>\n<\/div>\n<div id class=\"brz-css-srvZc brz-css-q5X_R brz-css-hDgo9 brz-wrapper\">\n<div class=\"brz-spacer brz-css-anCpN brz-css-iqqQe\"><\/div>\n<\/div>\n<\/div>\n<\/div>\n<div class=\"brz-columns brz-css-lLQg8 brz-css-czCH2\" data-brz-custom-id=\"yjynjwqgeecgrutxxuaceiyaqsqrtwafnato\">\n<div class=\"brz-bg\">\n<div class=\"brz-bg-color\"><\/div>\n<\/div>\n<div class=\"brz-column__items brz-css-jxSVX\">\n<div id class=\"brz-css-srvZc brz-css-q5X_R brz-wrapper\">\n<div class=\"brz-spacer brz-css-anCpN brz-css-vnU6w\"><\/div>\n<\/div>\n<div id class=\"brz-css-srvZc brz-wrapper\">\n<div class=\"brz-embed-code brz-css-cIdx3 brz-css-aHuuQ\" data-brz-custom-id=\"imiabmqtqicnnagraxrjrxvkcasulyjitgal\">\n<div class=\"brz-embed-content\">\n<div>\n<img data-recalc-dims=\"1\" decoding=\"async\" src=\"https:\/\/i0.wp.com\/www.atmshealth.com\/wp-content\/uploads\/2021\/10\/breathable.png?w=800&#038;ssl=1\" alt=\"alt-icon-title\"  >\n<\/div>\n<\/div>\n<\/div>\n<\/div>\n<div id class=\"brz-css-srvZc brz-wrapper\">\n<div class=\"brz-rich-text brz-rich-text__custom brz-css-klxbp\" data-brz-custom-id=\"bwimphslrnsjreeldgasjyhedoomzmashkol\">\n<div data-brz-translate-text=\"1\">\n<p class=\"brz-fs-sm-2 brz-tp-sm-empty brz-lh-sm-1_9 brz-ls-sm-0 brz-fw-sm-500 brz-fss-sm-vw brz-fss-lg-px brz-fw-lg-500 brz-ls-lg-0 brz-lh-lg-1_9 brz-tp-lg-empty brz-text-lg-center brz-ff-montserrat brz-ft-google brz-fs-lg-18 brz-fss-xs-vw brz-fw-xs-500 brz-ls-xs-0 brz-lh-xs-1_9 brz-tp-xs-empty brz-fs-xs-4 brz-css-tGDfh\" data-generated-css=\"brz-css-utmyw\" data-uniq-id=\"rxctb\"><span>Fabriqu\u00e9 \u00e0 partir d'un tissu respirant pour assurer le confort pendant les longues proc\u00e9dures.<\/span><\/p>\n<\/div>\n<\/div>\n<\/div>\n<div id class=\"brz-css-srvZc brz-css-q5X_R brz-css-muus4 brz-wrapper\">\n<div class=\"brz-spacer brz-css-anCpN brz-css-hOC78\"><\/div>\n<\/div>\n<\/div>\n<\/div>\n<\/div>\n<\/div>\n<\/div>\n<\/div>\n<\/section>\n<section id=\"vlaezejyhefmgptsiwrijzthzlogwfakkbcv\" class=\"brz-section brz-css-bJJ7s\">\n<div class=\"brz-section__content brz-section--boxed brz-css-frhU4 brz-css-bU6Kj\" data-brz-custom-id=\"oomppuslbrltoanyiqqtqojoertbdayszxxh\">\n<div class=\"brz-container brz-css-bvmA6\">\n<div class=\"brz-row__container brz-css-p5XkI\" data-brz-custom-id=\"rtntkfdtlssvbnxtwqrrnjvzrhsrfoptvcri\">\n<div class=\"brz-bg\"><\/div>\n<div class=\"brz-row brz-css-jL5FZ brz-css-gcZk5\">\n<div class=\"brz-columns brz-css-lLQg8 brz-css-cJk8I\" data-brz-custom-id=\"zkuaanskwijwhmucwvyirjnfmsxrthbgntde\">\n<div class=\"brz-bg\"><\/div>\n<div class=\"brz-column__items brz-css-jxSVX\">\n<div id class=\"brz-css-srvZc brz-wrapper\">\n<div class=\"brz-image brz-css-nejA0\" data-brz-custom-id=\"bdbyohbzqtfvstmziqvtalkzadxydpnryswn\"><img data-recalc-dims=\"1\" decoding=\"async\" class=\"brz-img\" src=\"https:\/\/i0.wp.com\/www.atmshealth.com\/wp-content\/uploads\/brizy\/imgs\/Medical-Gown-Level-4-1-353x523x0x0x353x523x1636487176.jpg?w=800&#038;ssl=1\" alt=\"\" loading=\"lazy\"><\/div>\n<\/div>\n<\/div>\n<\/div>\n<div class=\"brz-columns brz-css-lLQg8 brz-css-tLldb\" data-brz-custom-id=\"zqthnmwnjyhhmqqmzdwzsjtgxsaczqohzwbq\">\n<div class=\"brz-bg\"><\/div>\n<div class=\"brz-column__items brz-css-jxSVX\">\n<div id class=\"brz-css-srvZc brz-css-pHhrJ brz-wrapper\">\n<div class=\"brz-rich-text brz-rich-text__custom brz-css-klxbp\" data-brz-custom-id=\"omssoafayxbzvvbssxtiewuoxdsoxnexghws\">\n<div data-brz-translate-text=\"1\">\n<p class=\"brz-tp-lg-paragraph brz-css-fp13D\" data-uniq-id=\"hdywn\" data-generated-css=\"brz-css-plqpd\"><\/p>\n<\/div>\n<\/div>\n<\/div>\n<\/div>\n<\/div>\n<div class=\"brz-columns brz-css-lLQg8 brz-css-sqlGJ\" data-brz-custom-id=\"ukaujezjruxdnzzcmbbtqnmrzxwmvshgskxj\">\n<div class=\"brz-bg\"><\/div>\n<div class=\"brz-column__items brz-css-jxSVX\">\n<div id class=\"brz-css-srvZc brz-wrapper\">\n<div class=\"brz-rich-text brz-rich-text__custom brz-css-klxbp\" data-brz-custom-id=\"rshlcnvtewqzpltjetvqdsjmisluwhcylwwh\">\n<div data-brz-translate-text=\"1\">\n<p class=\"brz-fs-sm-2 brz-tp-sm-empty brz-lh-sm-1_5 brz-ls-sm-0 brz-fw-sm-400 brz-fss-sm-vw brz-lh-lg-1_9 brz-ls-lg-0 brz-fw-lg-400 brz-fss-lg-px brz-fs-lg-22 brz-ft-google brz-ff-montserrat brz-tp-lg-empty brz-fss-xs-vw brz-fw-xs-400 brz-ls-xs-0 brz-lh-xs-1_5 brz-tp-xs-empty brz-fs-xs-4 brz-css-eh6Lo\" data-uniq-id=\"sydus\" data-generated-css=\"brz-css-eijud\"><strong>Stedair\u00ae TX L4<\/strong><\/p>\n<p class=\"brz-fs-sm-2 brz-tp-sm-empty brz-lh-sm-1_5 brz-ls-sm-0 brz-fw-sm-400 brz-fss-sm-vw brz-lh-lg-1_9 brz-ls-lg-0 brz-fw-lg-400 brz-fss-lg-px brz-fs-lg-22 brz-ft-google brz-ff-montserrat brz-tp-lg-empty brz-fss-xs-vw brz-fw-xs-400 brz-ls-xs-0 brz-lh-xs-1_5 brz-tp-xs-empty brz-fs-xs-4 brz-css-tYTCj\" data-uniq-id=\"rzfks\" data-generated-css=\"brz-css-gsuef\"><span>Type I - Tissu ext\u00e9rieur en polyester 2.3 oz lamin\u00e9 \u00e0 un film bi-composant et \u00e0 un tricot en polyester 1.6 oz.<\/span><\/p>\n<p class=\"brz-fs-sm-2 brz-tp-sm-empty brz-lh-sm-1_5 brz-ls-sm-0 brz-fw-sm-400 brz-fss-sm-vw brz-lh-lg-1_9 brz-ls-lg-0 brz-fw-lg-400 brz-fss-lg-px brz-fs-lg-22 brz-ft-google brz-ff-montserrat brz-tp-lg-empty brz-fss-xs-vw brz-fw-xs-400 brz-ls-xs-0 brz-lh-xs-1_5 brz-tp-xs-empty brz-fs-xs-4 brz-css-xdLcz\" data-uniq-id=\"rcths\" data-generated-css=\"brz-css-wzowc\"><span>Type II - Tissu ext\u00e9rieur en tricot de polyester de 1,6 oz, lamin\u00e9 \u00e0 un film bi-composant.<\/span><\/p>\n<p class=\"brz-fs-sm-2 brz-tp-sm-empty brz-lh-sm-1_5 brz-ls-sm-0 brz-fw-sm-400 brz-fss-sm-vw brz-lh-lg-1_9 brz-ls-lg-0 brz-fw-lg-400 brz-fss-lg-px brz-fs-lg-22 brz-ft-google brz-ff-montserrat brz-tp-lg-empty brz-fss-xs-vw brz-fw-xs-400 brz-ls-xs-0 brz-lh-xs-1_5 brz-tp-xs-empty brz-fs-xs-4 brz-css-tnHHk\" data-generated-css=\"brz-css-xqgor\" data-uniq-id=\"onukc\"><span>et tricot de polyester de 1,1 oz.<\/span><\/p>\n<p class=\"brz-fs-sm-2 brz-tp-sm-empty brz-lh-sm-1_5 brz-ls-sm-0 brz-fw-sm-400 brz-fss-sm-vw brz-tp-lg-empty brz-lh-lg-1_9 brz-ls-lg-0 brz-fw-lg-400 brz-fss-lg-px brz-fs-lg-26 brz-ft-google brz-ff-montserrat brz-fss-xs-vw brz-fw-xs-400 brz-ls-xs-0 brz-lh-xs-1_5 brz-tp-xs-empty brz-fs-xs-4 brz-css-eMNTZ\" data-generated-css=\"brz-css-ghlbo\" data-uniq-id=\"awkhd\"><span> <\/span><\/p>\n<p class=\"brz-fs-sm-2 brz-tp-sm-empty brz-lh-sm-1_5 brz-ls-sm-0 brz-fw-sm-400 brz-fss-sm-vw brz-tp-lg-empty brz-lh-lg-1_9 brz-ls-lg-0 brz-fw-lg-400 brz-fss-lg-px brz-fs-lg-22 brz-ft-google brz-ff-montserrat brz-fss-xs-vw brz-fw-xs-400 brz-ls-xs-0 brz-lh-xs-1_5 brz-tp-xs-empty brz-fs-xs-4 brz-css-d0d_D\" data-generated-css=\"brz-css-gnaoi\" data-uniq-id=\"lltje\"><strong>Avantages du produit<\/strong><\/p>\n<ul>\n<li class=\"brz-fs-sm-2 brz-tp-sm-empty brz-lh-sm-1_5 brz-ls-sm-0 brz-fw-sm-400 brz-fss-sm-vw brz-tp-lg-empty brz-lh-lg-1_9 brz-ls-lg-0 brz-fw-lg-400 brz-fss-lg-px brz-fs-lg-22 brz-ft-google brz-ff-montserrat brz-fss-xs-vw brz-fw-xs-400 brz-ls-xs-0 brz-lh-xs-1_5 brz-tp-xs-empty brz-fs-xs-4 brz-css-bV3yL\" data-generated-css=\"brz-css-arnrb\" data-uniq-id=\"hljck\"><span>R\u00e9sistant aux agents pathog\u00e8nes transmis par le sang<\/span><\/li>\n<li class=\"brz-fs-sm-2 brz-tp-sm-empty brz-lh-sm-1_5 brz-ls-sm-0 brz-fw-sm-400 brz-fss-sm-vw brz-tp-lg-empty brz-lh-lg-1_9 brz-ls-lg-0 brz-fw-lg-400 brz-fss-lg-px brz-fs-lg-22 brz-ft-google brz-ff-montserrat brz-fss-xs-vw brz-fw-xs-400 brz-ls-xs-0 brz-lh-xs-1_5 brz-tp-xs-empty brz-fs-xs-4 brz-css-a8pcy\" data-generated-css=\"brz-css-jnfbg\" data-uniq-id=\"aakyd\"><span>Lavage durable - 75 cycles de st\u00e9rilisation<\/span><\/li>\n<li class=\"brz-fs-sm-2 brz-tp-sm-empty brz-lh-sm-1_5 brz-ls-sm-0 brz-fw-sm-400 brz-fss-sm-vw brz-tp-lg-empty brz-lh-lg-1_9 brz-ls-lg-0 brz-fw-lg-400 brz-fss-lg-px brz-fs-lg-22 brz-ft-google brz-ff-montserrat brz-fss-xs-vw brz-fw-xs-400 brz-ls-xs-0 brz-lh-xs-1_5 brz-tp-xs-empty brz-fs-xs-4 brz-css-qb8AU\" data-generated-css=\"brz-css-birbj\" data-uniq-id=\"awzcj\"><span>Haute respirabilit\u00e9 <\/span><\/li>\n<\/ul>\n<p class=\"brz-tp-sm-empty brz-lh-sm-1_5 brz-ls-sm-0 brz-fw-sm-400 brz-fss-sm-vw brz-fs-sm-3 brz-tp-lg-empty brz-lh-lg-1_5 brz-ls-lg-0 brz-fw-lg-400 brz-fss-lg-px brz-fs-lg-22 brz-ft-google brz-ff-montserrat brz-fss-xs-vw brz-fw-xs-400 brz-ls-xs-0 brz-lh-xs-1_5 brz-tp-xs-empty brz-fs-xs-4 brz-css-f4C1L\" data-generated-css=\"brz-css-botta\" data-uniq-id=\"yvkdb\"><span> <\/span><\/p>\n<\/div>\n<\/div>\n<\/div>\n<\/div>\n<\/div>\n<\/div>\n<\/div>\n<\/div>\n<\/div>\n<\/section>\n<section id=\"znrlelbzaodqsuieddosgdxnengdrgwwktqp\" class=\"brz-section brz-css-bJJ7s\">\n<div class=\"brz-section__content brz-section--boxed brz-css-frhU4 brz-css-obwyw\" data-brz-custom-id=\"yjofashrzqfvqaexmwylcvsyepgxtmfbagrr\">\n<div class=\"brz-container brz-css-bvmA6\">\n<div id class=\"brz-css-srvZc brz-wrapper\">\n<div class=\"brz-image brz-css-vQRc0\" data-brz-custom-id=\"tubcnmnsjjdngwllqgxuzrntabgdxzcuwvbt\"><img data-recalc-dims=\"1\" decoding=\"async\" class=\"brz-img\" src=\"https:\/\/i0.wp.com\/www.atmshealth.com\/wp-content\/uploads\/brizy\/imgs\/Medical-Gown-Level-4-Table-1-819x604x0x0x819x604x1634672830.png?w=800&#038;ssl=1\" alt=\"\" loading=\"lazy\"><\/div>\n<\/div>\n<\/div>\n<\/div>\n<\/section>\n<section id=\"hdtawzglojgfiaaajalqwalyslacbaahvtvv\" class=\"brz-section brz-css-bJJ7s\">\n<div class=\"brz-section__content brz-section--boxed brz-css-frhU4 brz-css-gHzXP\" data-brz-custom-id=\"qwoxfjfqprrxyuwrduaayaeztdpliaufwfck\">\n<div class=\"brz-bg\">\n<div class=\"brz-bg-color\"><\/div>\n<\/div>\n<div class=\"brz-container brz-css-bvmA6\">\n<div id class=\"brz-css-srvZc brz-css-q5X_R brz-wrapper\">\n<div class=\"brz-spacer brz-css-anCpN brz-css-hn4cd\"><\/div>\n<\/div>\n<\/div>\n<\/div>\n<\/section>\n<section id=\"xyjyziwullecsiohklbylnyqouimnsrzsapl\" class=\"brz-section brz-css-bJJ7s\">\n<div class=\"brz-section__content brz-section--boxed brz-css-frhU4 brz-css-mew_n\" data-brz-custom-id=\"sytkllvbkoxaruthhpzzmzkqgugtandkapou\">\n<div class=\"brz-bg\">\n<div class=\"brz-bg-color\"><\/div>\n<\/div>\n<div class=\"brz-container brz-css-bvmA6\">\n<div id class=\"brz-css-srvZc brz-wrapper\">\n<div class=\"brz-rich-text brz-rich-text__custom brz-css-klxbp\" data-brz-custom-id=\"bynwvxqnaeydfefcwewrctynyfqfrqawboxk\">\n<div data-brz-translate-text=\"1\">\n<p class=\"brz-fs-xs-6 brz-tp-xs-empty brz-lh-xs-1_3 brz-ls-xs-m_1_5 brz-fw-xs-500 brz-fss-xs-vw brz-fw-lg-500 brz-fss-lg-px brz-fs-lg-46 brz-ft-google brz-ff-montserrat brz-tp-lg-empty brz-lh-lg-1_3 brz-ls-lg-m_1_5 brz-text-lg-center brz-fss-sm-vw brz-fw-sm-500 brz-ls-sm-m_1_5 brz-lh-sm-1_3 brz-tp-sm-empty brz-fs-sm-5 brz-css-fN3XJ\" data-uniq-id=\"srgpv\" data-generated-css=\"brz-css-ppwnj\"><span>Am\u00e9liorez votre empreinte \u00e9cologique d\u00e8s maintenant<\/span><\/p>\n<\/div>\n<\/div>\n<\/div>\n<div id class=\"brz-css-srvZc brz-css-fsn5T brz-wrapper\">\n<div class=\"brz-line brz-line-default brz-css-dTsE1 brz-css-poKfS\" data-brz-custom-id=\"qcupoyqtcbrtknsnxadtckhvtmnyhalutetc\">\n<hr class=\"brz-hr\"><\/div>\n<\/div>\n<div class=\"brz-wrapper-clone brz-css-sj0I9\">\n<div class=\"brz-d-xs-flex brz-flex-xs-wrap brz-css-v_nbk\" data-brz-custom-id>\n<div class=\"brz-wrapper-clone__item\" id=\"vgvmjlsvouxwchigvphqaikzblkybadurkyh\"><a class=\"brz-a brz-btn brz-css-iHKzq brz-css-kzFXx\" href=\"http:\/\/localhost:10004\/contact-us\/\" target=\"_self\" rel=\"noopener\" data-brz-link-type=\"external\" data-brz-custom-id=\"vgvmjlsvouxwchigvphqaikzblkybadurkyh\"><span data-brz-translate-text=\"1\" class=\"brz-span brz-text__editor\">CONTACTEZ-NOUS<\/span><\/a><\/div>\n<\/div>\n<\/div>\n<\/div>\n<\/div>\n<\/section>\n<section id=\"xddisyymwvwppihivxqhyujgppodtslnxyqh\" class=\"brz-section brz-css-bJJ7s\">\n<div class=\"brz-section__content brz-section--boxed brz-css-frhU4 brz-css-kXR6H\" data-brz-custom-id=\"xbsjnnklykwrmxltvkvxibrdvksmvcbevvau\">\n<div class=\"brz-bg\">\n<div class=\"brz-bg-color\"><\/div>\n<\/div>\n<div class=\"brz-container brz-css-bvmA6\">\n<div id class=\"brz-css-srvZc brz-css-q5X_R brz-wrapper\">\n<div class=\"brz-spacer brz-css-anCpN brz-css-wzz1S\"><\/div>\n<\/div>\n<\/div>\n<\/div>\n<\/section>\n<section id=\"xoebygyrzuaxishfmexwjvgfxhtctjfrgjmx\" class=\"brz-section brz-css-bJJ7s\">\n<div class=\"brz-section__content brz-section--boxed brz-css-frhU4\" data-brz-custom-id=\"abdefscancnaxmbxbiupnrrjtlrhtcodmjbv\">\n<div class=\"brz-container brz-css-bvmA6\">\n<div class=\"brz-row__container brz-css-p5XkI\" data-brz-custom-id=\"jopvdglrylocjwzlscgvcjskkohromyqfpfy\">\n<div class=\"brz-bg\"><\/div>\n<div class=\"brz-row brz-css-jL5FZ brz-css-gcZk5\">\n<div class=\"brz-columns brz-css-lLQg8 brz-css-xuRK2\" data-brz-custom-id=\"jikzsnakgmppswvvsckehrnwiqawhvsimplq\">\n<div class=\"brz-bg\"><\/div>\n<div class=\"brz-column__items brz-css-jxSVX brz-css-s46hl\">\n<div id class=\"brz-css-srvZc brz-wrapper\">\n<div class=\"brz-rich-text brz-rich-text__custom brz-css-klxbp\" data-brz-custom-id=\"rqzwrvpvmzznmxofhspjhbchoncvrpqddcew\">\n<div data-brz-translate-text=\"1\">\n<p class=\"brz-fw-lg-600 brz-fss-lg-px brz-fs-lg-32 brz-ft-google brz-ff-overpass brz-tp-lg-empty brz-lh-lg-1_9 brz-ls-lg-0 brz-text-lg-center brz-fs-sm-4 brz-fss-sm-vw brz-fw-sm-400 brz-ls-sm-0 brz-lh-sm-1_6 brz-tp-sm-empty brz-fss-xs-vw brz-fw-xs-500 brz-ls-xs-0 brz-lh-xs-1_9 brz-tp-xs-empty brz-fs-xs-5 brz-css-klk4S\" data-generated-css=\"brz-css-yyayn\" data-uniq-id=\"efjbk\"><span>RECOMMANDATIONS DE LAVAGE<\/span><\/p>\n<ul>\n<li class=\"brz-tp-lg-empty brz-lh-lg-1_9 brz-ls-lg-0 brz-fw-lg-500 brz-fss-lg-px brz-fs-lg-22 brz-ft-google brz-ff-montserrat brz-fs-sm-2 brz-fss-sm-vw brz-fw-sm-400 brz-ls-sm-0 brz-lh-sm-1_6 brz-tp-sm-empty brz-fs-xs-3 brz-fss-xs-vw brz-fw-xs-500 brz-ls-xs-0 brz-lh-xs-1_9 brz-tp-xs-empty brz-css-sPECa\" data-generated-css=\"brz-css-soasl\" data-uniq-id=\"pmgii\"><span>V\u00e9rifiez tout le mat\u00e9riel pour vous assurer qu'il n'y a pas d'objet pointu qui pourrait endommager le tissu.<\/span><\/li>\n<li class=\"brz-tp-lg-empty brz-lh-lg-1_9 brz-ls-lg-0 brz-fw-lg-500 brz-fss-lg-px brz-fs-lg-22 brz-ft-google brz-ff-montserrat brz-fs-sm-2 brz-fss-sm-vw brz-fw-sm-400 brz-ls-sm-0 brz-lh-sm-1_6 brz-tp-sm-empty brz-fs-xs-3 brz-fss-xs-vw brz-fw-xs-500 brz-ls-xs-0 brz-lh-xs-1_9 brz-tp-xs-empty brz-css-xKxYA\" data-generated-css=\"brz-css-bluoc\" data-uniq-id=\"yvgrn\"><span>Ne surchargez pas l'\u00e9quipement ; 75-80% de la capacit\u00e9 est optimale.<\/span><\/li>\n<li class=\"brz-tp-lg-empty brz-lh-lg-1_9 brz-ls-lg-0 brz-fw-lg-500 brz-fss-lg-px brz-fs-lg-22 brz-ft-google brz-ff-montserrat brz-fs-sm-2 brz-fss-sm-vw brz-fw-sm-400 brz-ls-sm-0 brz-lh-sm-1_6 brz-tp-sm-empty brz-fs-xs-3 brz-fss-xs-vw brz-fw-xs-500 brz-ls-xs-0 brz-lh-xs-1_9 brz-tp-xs-empty brz-css-ssv1B\" data-generated-css=\"brz-css-ppild\" data-uniq-id=\"wpkbm\"><span>La temp\u00e9rature ne doit pas d\u00e9passer 140\u00baF pour les op\u00e9rations de lavage.<\/span><\/li>\n<li class=\"brz-tp-lg-empty brz-lh-lg-1_9 brz-ls-lg-0 brz-fw-lg-500 brz-fss-lg-px brz-fs-lg-22 brz-ft-google brz-ff-montserrat brz-fs-sm-2 brz-fss-sm-vw brz-fw-sm-400 brz-ls-sm-0 brz-lh-sm-1_6 brz-tp-sm-empty brz-fs-xs-3 brz-fss-xs-vw brz-fw-xs-500 brz-ls-xs-0 brz-lh-xs-1_9 brz-tp-xs-empty brz-css-iyAIf\" data-generated-css=\"brz-css-sgbhx\" data-uniq-id=\"xyvgc\"><span>N'utilisez pas d'hypochlorite de sodium (agent de plage) comme agent d\u00e9sinfectant, utilisez du peroxyde d'hydrog\u00e8ne (35%) \u00e0 une concentration de 150 ppm, PH 10,5 maximum.<\/span><\/li>\n<li class=\"brz-tp-lg-empty brz-lh-lg-1_9 brz-ls-lg-0 brz-fw-lg-500 brz-fss-lg-px brz-fs-lg-22 brz-ft-google brz-ff-montserrat brz-fs-sm-2 brz-fss-sm-vw brz-fw-sm-400 brz-ls-sm-0 brz-lh-sm-1_6 brz-tp-sm-empty brz-fs-xs-3 brz-fss-xs-vw brz-fw-xs-500 brz-ls-xs-0 brz-lh-xs-1_9 brz-tp-xs-empty brz-css-fIXiy\" data-generated-css=\"brz-css-smzzk\" data-uniq-id=\"ixgwr\"><span>L'unit\u00e9 d'extraction \u00e0 haute pression de type plongeur \u00e0 un \u00e9tage peut endommager les tissus fabriqu\u00e9s avec Stedair\u00ae TX L3.<\/span><\/li>\n<li class=\"brz-tp-lg-empty brz-lh-lg-1_9 brz-ls-lg-0 brz-fw-lg-500 brz-fss-lg-px brz-fs-lg-22 brz-ft-google brz-ff-montserrat brz-fs-sm-2 brz-fss-sm-vw brz-fw-sm-400 brz-ls-sm-0 brz-lh-sm-1_6 brz-tp-sm-empty brz-fs-xs-3 brz-fss-xs-vw brz-fw-xs-500 brz-ls-xs-0 brz-lh-xs-1_9 brz-tp-xs-empty brz-css-lTule\" data-generated-css=\"brz-css-daizh\" data-uniq-id=\"tcybf\"><span>\u00c9vitez les temp\u00e9ratures trop \u00e9lev\u00e9es ou un s\u00e9chage trop important pendant le processus. Assurez-vous d'avoir une p\u00e9riode de refroidissement ad\u00e9quate et pliez les marchandises imm\u00e9diatement a\u017fter la fin du s\u00e9chage pour \u00e9viter les plis.<\/span><\/li>\n<li class=\"brz-tp-lg-empty brz-lh-lg-1_9 brz-ls-lg-0 brz-fw-lg-500 brz-fss-lg-px brz-fs-lg-22 brz-ft-google brz-ff-montserrat brz-fs-sm-2 brz-fss-sm-vw brz-fw-sm-400 brz-ls-sm-0 brz-lh-sm-1_6 brz-tp-sm-empty brz-fs-xs-3 brz-fss-xs-vw brz-fw-xs-500 brz-ls-xs-0 brz-lh-xs-1_9 brz-tp-xs-empty brz-css-yTd7y\" data-generated-css=\"brz-css-nthqt\" data-uniq-id=\"swlsm\"><span>La temp\u00e9rature de st\u00e9rilisation ne doit pas d\u00e9passer 270\u00baF. Il est fortement recommand\u00e9 de mettre en place un syst\u00e8me d'assurance qualit\u00e9<\/span><\/li>\n<li class=\"brz-lh-lg-1_9 brz-ls-lg-0 brz-fw-lg-500 brz-fss-lg-px brz-fs-lg-22 brz-ft-google brz-ff-montserrat brz-tp-lg-empty brz-fs-sm-2 brz-fss-sm-vw brz-fw-sm-400 brz-ls-sm-0 brz-lh-sm-1_6 brz-tp-sm-empty brz-fs-xs-3 brz-fss-xs-vw brz-fw-xs-500 brz-ls-xs-0 brz-lh-xs-1_9 brz-tp-xs-empty brz-css-daNUf\" data-uniq-id=\"oxqyx\" data-generated-css=\"brz-css-pjlbd\"><span>Programme d'assurance pour garantir la fiabilit\u00e9 continue des performances des produits contenant du Stedair\u00ae TX L3. Ne pas repasser.<\/span><\/li>\n<\/ul>\n<\/div>\n<\/div>\n<\/div>\n<\/div>\n<\/div>\n<\/div>\n<\/div>\n<\/div>\n<\/div>\n<\/section>\n<\/div>\n<p>    <!-- version:1714785880 --><\/p>","protected":false},"excerpt":{"rendered":"<p>Stedair\u00ae Medical Gown Level 4 Protect your personnel with a high resistance surgical barrier Stedair\u00ae medical barriers provide unmatched protection from: Protects from liquids and blood Protects from viruses and blood born pathogens Made from breathable fabric to provide comfort during long procedures Stedair\u00ae TX L4 Type I \u2013 2.3 oz polyester outer fabric laminated [&hellip;]<\/p>\n","protected":false},"author":1,"featured_media":0,"parent":0,"menu_order":0,"comment_status":"closed","ping_status":"closed","template":"template-page-builder.php","meta":{"inline_featured_image":false,"footnotes":""},"class_list":["post-2639","page","type-page","status-publish","hentry"],"aioseo_notices":[],"jetpack_sharing_enabled":true,"brizy_media":[{"id":2644,"url":"https:\/\/www.atmshealth.com\/wp-content\/uploads\/2021\/10\/Medical-Gown-Level-4-1.jpg","name":"Medical-Gown-Level-4-1.jpg","meta":{"brizy_attachment_uid":"wp-86d0f544340712513ff8f794a64c3174.jpg","brizy_post_uid":["849343cc5b2d9ae7915908caebeb667b"]}},{"id":2645,"url":"https:\/\/www.atmshealth.com\/wp-content\/uploads\/2021\/10\/Medical-Gown-Level-4-Table-1.png","name":"Medical-Gown-Level-4-Table-1.png","meta":{"brizy_attachment_uid":"wp-32de8910c5c368d8ac7adbd8f4077ac1.png","brizy_post_uid":["849343cc5b2d9ae7915908caebeb667b"]}}],"_links":{"self":[{"href":"https:\/\/www.atmshealth.com\/fr\/wp-json\/wp\/v2\/pages\/2639","targetHints":{"allow":["GET"]}}],"collection":[{"href":"https:\/\/www.atmshealth.com\/fr\/wp-json\/wp\/v2\/pages"}],"about":[{"href":"https:\/\/www.atmshealth.com\/fr\/wp-json\/wp\/v2\/types\/page"}],"author":[{"embeddable":true,"href":"https:\/\/www.atmshealth.com\/fr\/wp-json\/wp\/v2\/users\/1"}],"replies":[{"embeddable":true,"href":"https:\/\/www.atmshealth.com\/fr\/wp-json\/wp\/v2\/comments?post=2639"}],"version-history":[{"count":14,"href":"https:\/\/www.atmshealth.com\/fr\/wp-json\/wp\/v2\/pages\/2639\/revisions"}],"predecessor-version":[{"id":3587,"href":"https:\/\/www.atmshealth.com\/fr\/wp-json\/wp\/v2\/pages\/2639\/revisions\/3587"}],"wp:attachment":[{"href":"https:\/\/www.atmshealth.com\/fr\/wp-json\/wp\/v2\/media?parent=2639"}],"curies":[{"name":"wp","href":"https:\/\/api.w.org\/{rel}","templated":true}]}}