{"id":2615,"date":"2021-10-14T13:14:21","date_gmt":"2021-10-14T17:14:21","guid":{"rendered":"http:\/\/localhost:10004\/?page_id=2615"},"modified":"2026-03-02T11:53:29","modified_gmt":"2026-03-02T16:53:29","slug":"isolation-gown-level-3","status":"publish","type":"page","link":"https:\/\/www.atmshealth.com\/fr\/isolation-gown-level-3\/","title":{"rendered":"Blouse d'isolation Stedair\u00ae niveau 3"},"content":{"rendered":"<div class=\"brz-root__container brz-reset-all\">\n<section id=\"saidanvjwxajfjsmlvrshgzuhxmowpuefkqz\" class=\"brz-section brz-css-zaSpb\">\n<div class=\"brz-section__content brz-section--boxed brz-css-axvQT brz-css-g3lZg\" data-brz-custom-id=\"voywnaznnlriryyymepgeuslmkakwgfxjuva\">\n<div class=\"brz-container brz-css-zZelq\">\n<div id class=\"brz-css-zN9Rz brz-wrapper\">\n<div class=\"brz-rich-text brz-rich-text__custom brz-css-o8PC9\" data-brz-custom-id=\"hnapgproqalzygseysfwuyvasltnakdphrdx\">\n<div data-brz-translate-text=\"1\">\n<p class=\"brz-text-lg-center brz-tp-lg-empty brz-ls-lg-0 brz-lh-lg-1_4 brz-ff-montserrat brz-ft-google brz-fs-lg-52 brz-fss-lg-px brz-fw-lg-500 brz-fs-sm-5 brz-fss-sm-vw brz-fw-sm-500 brz-ls-sm-0 brz-lh-sm-1_3 brz-tp-sm-empty brz-fss-xs-vw brz-fw-xs-500 brz-ls-xs-0 brz-lh-xs-1_3 brz-tp-xs-empty brz-fs-xs-8 brz-css-pFZLR\" data-uniq-id=\"qvzhp\" data-generated-css=\"brz-css-uxmzl\"><span>Blouse d'isolation Stedair\u00ae niveau 3<\/span><\/p>\n<p class=\"brz-fs-lg-26 brz-ft-google brz-ff-montserrat brz-tp-lg-empty brz-lh-lg-1_5 brz-ls-lg-0 brz-fw-lg-400 brz-fss-lg-px brz-text-lg-center brz-fs-sm-3 brz-fss-sm-vw brz-fw-sm-400 brz-ls-sm-0 brz-lh-sm-1_3 brz-tp-sm-empty brz-fs-xs-5 brz-fss-xs-vw brz-fw-xs-400 brz-ls-xs-0 brz-lh-xs-1_3 brz-tp-xs-empty brz-css-cwYpI\" data-uniq-id=\"jovil\" data-generated-css=\"brz-css-gquqp\"><span>Prot\u00e9gez votre personnel avec une barri\u00e8re m\u00e9dicale contre les liquides<\/span><\/p>\n<\/div>\n<\/div>\n<\/div>\n<\/div>\n<\/div>\n<\/section>\n<section id=\"nexrfegmiyizrctvgpynvsxzlhxwavoaxnxi\" class=\"brz-section brz-css-zaSpb\">\n<div class=\"brz-section__content brz-section--boxed brz-css-axvQT brz-css-bpq3x\" data-brz-custom-id=\"ourcbdsqkcuyjwdliiazclfizlsqvtdghwkd\">\n<div class=\"brz-container brz-css-zZelq\">\n<div class=\"brz-row__container brz-css-chX8a\" data-brz-custom-id=\"khtdggoslgrljyiffmrpnzsqgsslyopvaplf\">\n<div class=\"brz-bg\"><\/div>\n<div class=\"brz-row brz-css-xrGht brz-css-zK63_\">\n<div class=\"brz-columns brz-css-lW8Xi brz-css-qQ9pb\" data-brz-custom-id=\"expbcawrxeiojedczpvyacpsgbmcvoirgyrc\">\n<div class=\"brz-bg\"><\/div>\n<div class=\"brz-column__items brz-css-og0bZ\">\n<div id class=\"brz-css-zN9Rz brz-css-hqHej brz-css-ucfPt brz-wrapper\">\n<div class=\"brz-spacer brz-css-ujteG brz-css-eviKp\"><\/div>\n<\/div>\n<div id class=\"brz-css-zN9Rz brz-wrapper\">\n<div class=\"brz-image brz-css-zZ5cG\" data-brz-custom-id=\"lxecmfliylzojrhzmreyzilzvooberldfcgh\"><img data-recalc-dims=\"1\" decoding=\"async\" class=\"brz-img\" src=\"https:\/\/i0.wp.com\/www.atmshealth.com\/wp-content\/uploads\/brizy\/imgs\/StedAir-Medical-Isolation-Gown-Level-3-1-505x420x0x0x505x420x1636487178.jpg?w=800&#038;ssl=1\" alt=\"\" loading=\"lazy\"><\/div>\n<\/div>\n<\/div>\n<\/div>\n<div class=\"brz-columns brz-css-lW8Xi brz-css-vUeWD\" data-brz-custom-id=\"yvrivbejaaqepgglwokcwztcepmribbfwvrr\">\n<div class=\"brz-bg\"><\/div>\n<div class=\"brz-column__items brz-css-og0bZ\">\n<div id class=\"brz-css-zN9Rz brz-css-xRdT8 brz-wrapper\">\n<div class=\"brz-rich-text brz-rich-text__custom brz-css-o8PC9\" data-brz-custom-id=\"glezyjzxglicyflbysrihkeskjnlerhrfvjq\">\n<div data-brz-translate-text=\"1\">\n<p class=\"brz-tp-lg-paragraph brz-css-xnlLB\" data-uniq-id=\"hdywn\" data-generated-css=\"brz-css-plqpd\"><\/p>\n<\/div>\n<\/div>\n<\/div>\n<\/div>\n<\/div>\n<div class=\"brz-columns brz-css-lW8Xi brz-css-zXyJe\" data-brz-custom-id=\"rbouagwbartcnyyshtprflqlwrrndpfqqjsb\">\n<div class=\"brz-bg\"><\/div>\n<div class=\"brz-column__items brz-css-og0bZ\">\n<div id class=\"brz-css-zN9Rz brz-css-hqHej brz-css-narHU brz-wrapper\">\n<div class=\"brz-spacer brz-css-ujteG brz-css-yrA1a\"><\/div>\n<\/div>\n<div id class=\"brz-css-zN9Rz brz-wrapper\">\n<div class=\"brz-rich-text brz-rich-text__custom brz-css-o8PC9\" data-brz-custom-id=\"tcixozjvlopmpaoevnrxjlrrybenrjrhidrr\">\n<div data-brz-translate-text=\"1\">\n<p class=\"brz-ft-google brz-fs-lg-22 brz-fss-lg-px brz-fw-lg-400 brz-ls-lg-0 brz-lh-lg-1_9 brz-tp-lg-empty brz-ff-montserrat brz-fss-sm-vw brz-fw-sm-400 brz-ls-sm-0 brz-lh-sm-1_9 brz-tp-sm-empty brz-fs-sm-2 brz-fs-xs-4 brz-fss-xs-vw brz-fw-xs-400 brz-ls-xs-0 brz-lh-xs-1_9 brz-tp-xs-empty brz-css-vGOxK\" data-generated-css=\"brz-css-tdpzv\" data-uniq-id=\"dwdiz\"><strong>Stedair\u00ae TX L3 <\/strong><\/p>\n<p class=\"brz-ft-google brz-fs-lg-22 brz-fss-lg-px brz-fw-lg-400 brz-ls-lg-0 brz-lh-lg-1_9 brz-tp-lg-empty brz-ff-montserrat brz-fss-sm-vw brz-fw-sm-400 brz-ls-sm-0 brz-lh-sm-1_9 brz-tp-sm-empty brz-fs-sm-2 brz-fs-xs-4 brz-fss-xs-vw brz-fw-xs-400 brz-ls-xs-0 brz-lh-xs-1_9 brz-tp-xs-empty brz-css-itA3k\" data-generated-css=\"brz-css-sotjt\" data-uniq-id=\"drzik\"><span>Les barri\u00e8res m\u00e9dicales pour liquides Stedair\u00ae sont sp\u00e9cialement con\u00e7ues pour prot\u00e9ger contre la p\u00e9n\u00e9tration des liquides tout en restant respirantes et confortables.<\/span><\/p>\n<p class=\"brz-ft-google brz-fs-lg-22 brz-fss-lg-px brz-fw-lg-400 brz-ls-lg-0 brz-lh-lg-1_9 brz-tp-lg-empty brz-ff-montserrat brz-fss-sm-vw brz-fw-sm-400 brz-ls-sm-0 brz-lh-sm-1_9 brz-tp-sm-empty brz-fs-sm-2 brz-fs-xs-4 brz-fss-xs-vw brz-fw-xs-400 brz-ls-xs-0 brz-lh-xs-1_9 brz-tp-xs-empty brz-css-r79Bu\" data-generated-css=\"brz-css-arvun\" data-uniq-id=\"smtzd\"><span>TYPE 1 - Polyester avec film ePTFE.<\/span><\/p>\n<p class=\"brz-ft-google brz-fs-lg-22 brz-fss-lg-px brz-fw-lg-400 brz-ls-lg-0 brz-lh-lg-1_9 brz-tp-lg-empty brz-ff-montserrat brz-fss-sm-vw brz-fw-sm-400 brz-ls-sm-0 brz-lh-sm-1_9 brz-tp-sm-empty brz-fs-sm-2 brz-fs-xs-4 brz-fss-xs-vw brz-fw-xs-400 brz-ls-xs-0 brz-lh-xs-1_9 brz-tp-xs-empty brz-css-arplN\" data-generated-css=\"brz-css-rxeqt\" data-uniq-id=\"rkofc\"><span> <\/span><\/p>\n<p class=\"brz-ft-google brz-fs-lg-22 brz-fss-lg-px brz-fw-lg-400 brz-ls-lg-0 brz-lh-lg-1_9 brz-tp-lg-empty brz-ff-montserrat brz-fss-sm-vw brz-fw-sm-400 brz-ls-sm-0 brz-lh-sm-1_9 brz-tp-sm-empty brz-fs-sm-2 brz-fs-xs-4 brz-fss-xs-vw brz-fw-xs-400 brz-ls-xs-0 brz-lh-xs-1_9 brz-tp-xs-empty brz-css-chpRD\" data-generated-css=\"brz-css-znqry\" data-uniq-id=\"ebric\"><strong> Avantages du produit<\/strong><\/p>\n<ul>\n<li class=\"brz-ft-google brz-fs-lg-22 brz-fss-lg-px brz-fw-lg-400 brz-ls-lg-0 brz-lh-lg-1_9 brz-tp-lg-empty brz-ff-montserrat brz-fss-sm-vw brz-fw-sm-400 brz-ls-sm-0 brz-lh-sm-1_9 brz-tp-sm-empty brz-fs-sm-2 brz-fs-xs-4 brz-fss-xs-vw brz-fw-xs-400 brz-ls-xs-0 brz-lh-xs-1_9 brz-tp-xs-empty brz-css-wFFaH\" data-generated-css=\"brz-css-minlb\" data-uniq-id=\"avogd\"><span>R\u00e9sistant \u00e0 la p\u00e9n\u00e9tration des fluides<\/span><\/li>\n<li class=\"brz-ft-google brz-fs-lg-22 brz-fss-lg-px brz-fw-lg-400 brz-ls-lg-0 brz-lh-lg-1_9 brz-tp-lg-empty brz-ff-montserrat brz-fss-sm-vw brz-fw-sm-400 brz-ls-sm-0 brz-lh-sm-1_9 brz-tp-sm-empty brz-fs-sm-2 brz-fs-xs-4 brz-fss-xs-vw brz-fw-xs-400 brz-ls-xs-0 brz-lh-xs-1_9 brz-tp-xs-empty brz-css-w3Gzc\" data-generated-css=\"brz-css-rkosb\" data-uniq-id=\"qpcfi\"><span>Lavage durable - 75 cycles de st\u00e9rilisation<\/span><\/li>\n<li class=\"brz-ft-google brz-fs-lg-22 brz-fss-lg-px brz-fw-lg-400 brz-ls-lg-0 brz-lh-lg-1_9 brz-tp-lg-empty brz-ff-montserrat brz-fss-sm-vw brz-fw-sm-400 brz-ls-sm-0 brz-lh-sm-1_9 brz-tp-sm-empty brz-fs-sm-2 brz-fs-xs-4 brz-fss-xs-vw brz-fw-xs-400 brz-ls-xs-0 brz-lh-xs-1_9 brz-tp-xs-empty brz-css-b9wc8\" data-generated-css=\"brz-css-ishue\" data-uniq-id=\"wsrwh\"><span>Haute respirabilit\u00e9 <\/span><\/li>\n<\/ul>\n<\/div>\n<\/div>\n<\/div>\n<\/div>\n<\/div>\n<\/div>\n<\/div>\n<\/div>\n<\/div>\n<\/section>\n<section id=\"vhfbdbrqyeamvthofcnahrqzaclwygfopvbt\" class=\"brz-section brz-css-zaSpb\">\n<div class=\"brz-section__content brz-section--boxed brz-css-axvQT brz-css-x9ryU\" data-brz-custom-id=\"djpyxodgbgozmjzymepcozqyjueudtybvkxa\">\n<div class=\"brz-container brz-css-zZelq\">\n<div id class=\"brz-css-zN9Rz brz-wrapper\">\n<div class=\"brz-image brz-css-xGxxQ\" data-brz-custom-id=\"secomndgppiqloxltzncdjacqldcxfmzcftm\"><img data-recalc-dims=\"1\" decoding=\"async\" class=\"brz-img\" src=\"https:\/\/i0.wp.com\/www.atmshealth.com\/wp-content\/uploads\/brizy\/imgs\/Stedair-Medical-Isolation-Table-1-819x646x0x0x819x646x1634672884.png?w=800&#038;ssl=1\" alt=\"\" loading=\"lazy\"><\/div>\n<\/div>\n<\/div>\n<\/div>\n<\/section>\n<section id=\"jnoohomwttuspyabffgflspsmhipofuacmui\" class=\"brz-section brz-css-zaSpb\">\n<div class=\"brz-section__content brz-section--boxed brz-css-axvQT brz-css-hjRix\" data-brz-custom-id=\"ijhbtfsxmhryrpzmhaekxijwvnfspifduuyx\">\n<div class=\"brz-bg\">\n<div class=\"brz-bg-color\"><\/div>\n<\/div>\n<div class=\"brz-container brz-css-zZelq\">\n<div id class=\"brz-css-zN9Rz brz-css-hqHej brz-wrapper\">\n<div class=\"brz-spacer brz-css-ujteG brz-css-rIZEg\"><\/div>\n<\/div>\n<\/div>\n<\/div>\n<\/section>\n<section id=\"nzdmprvbozfdgpoagkslxboighjeaokuzrvy\" class=\"brz-section brz-css-zaSpb\">\n<div class=\"brz-section__content brz-section--boxed brz-css-axvQT brz-css-q1NLj\" data-brz-custom-id=\"cofkewncoiuecmhtpjbuobjexlumxzjmvlep\">\n<div class=\"brz-bg\">\n<div class=\"brz-bg-color\"><\/div>\n<\/div>\n<div class=\"brz-container brz-css-zZelq\">\n<div id class=\"brz-css-zN9Rz brz-wrapper\">\n<div class=\"brz-rich-text brz-rich-text__custom brz-css-o8PC9\" data-brz-custom-id=\"vrfuoffwsxoaqnzjvzmfywxztcrypmebahgs\">\n<div data-brz-translate-text=\"1\">\n<p class=\"brz-fs-xs-7 brz-tp-xs-empty brz-lh-xs-1_3 brz-ls-xs-m_1_5 brz-fw-xs-500 brz-fss-xs-vw brz-tp-sm-empty brz-lh-sm-1_3 brz-ls-sm-m_1_5 brz-fw-sm-500 brz-fss-sm-vw brz-fs-sm-5 brz-fw-lg-500 brz-fss-lg-px brz-fs-lg-46 brz-ft-google brz-ff-montserrat brz-tp-lg-empty brz-lh-lg-1_3 brz-ls-lg-m_1_5 brz-text-lg-center brz-css-nxcUu\" data-uniq-id=\"zbwvo\" data-generated-css=\"brz-css-dzjpm\"><span>Am\u00e9liorez votre empreinte \u00e9cologique d\u00e8s maintenant<\/span><\/p>\n<\/div>\n<\/div>\n<\/div>\n<div id class=\"brz-css-zN9Rz brz-css-biS3a brz-wrapper\">\n<div class=\"brz-line brz-line-default brz-css-cLgKt brz-css-vUvFP\" data-brz-custom-id=\"lnppqxmkmsitnorhnzsgoydarztlvjtskljw\">\n<hr class=\"brz-hr\"><\/div>\n<\/div>\n<div class=\"brz-wrapper-clone brz-css-pl_2z\">\n<div class=\"brz-d-xs-flex brz-flex-xs-wrap brz-css-cSdZV\" data-brz-custom-id>\n<div class=\"brz-wrapper-clone__item\" id=\"ilmajurbinuzntieclqbkiauoqjzaafwserc\"><a class=\"brz-a brz-btn brz-css-jImcv brz-css-phfbA\" href=\"http:\/\/localhost:10004\/contact-us\/\" target=\"_self\" rel=\"noopener\" data-brz-link-type=\"external\" data-brz-custom-id=\"ilmajurbinuzntieclqbkiauoqjzaafwserc\"><span data-brz-translate-text=\"1\" class=\"brz-span brz-text__editor\">CONTACTEZ-NOUS<\/span><\/a><\/div>\n<\/div>\n<\/div>\n<\/div>\n<\/div>\n<\/section>\n<section id=\"lsfklkayvrezjmsbsrjjqyjpsktdwliozqqn\" class=\"brz-section brz-css-zaSpb\">\n<div class=\"brz-section__content brz-section--boxed brz-css-axvQT brz-css-luOII\" data-brz-custom-id=\"ewnclvlgwrnibcdjgypdyvjyewuazzitbqry\">\n<div class=\"brz-bg\">\n<div class=\"brz-bg-color\"><\/div>\n<\/div>\n<div class=\"brz-container brz-css-zZelq\">\n<div id class=\"brz-css-zN9Rz brz-css-hqHej brz-wrapper\">\n<div class=\"brz-spacer brz-css-ujteG brz-css-bsxBs\"><\/div>\n<\/div>\n<\/div>\n<\/div>\n<\/section>\n<section id=\"mrethtvqvabigchqqcenbicyevgbrtzgnwgu\" class=\"brz-section brz-css-zaSpb\">\n<div class=\"brz-section__content brz-section--boxed brz-css-axvQT\" data-brz-custom-id=\"tmprhaqayozkatuhpsdvjkomcjqjqkuzzaeg\">\n<div class=\"brz-container brz-css-zZelq\">\n<div class=\"brz-row__container brz-css-chX8a\" data-brz-custom-id=\"yavntwzdeelfnvvlylgdeoodklzzopauxeno\">\n<div class=\"brz-bg\"><\/div>\n<div class=\"brz-row brz-css-xrGht brz-css-zK63_\">\n<div class=\"brz-columns brz-css-lW8Xi brz-css-cRspB\" data-brz-custom-id=\"qemfqfpltahklfbfmsooxrhzczflwrtipuqa\">\n<div class=\"brz-bg\"><\/div>\n<div class=\"brz-column__items brz-css-og0bZ brz-css-g43kv\">\n<div id class=\"brz-css-zN9Rz brz-wrapper\">\n<div class=\"brz-rich-text brz-rich-text__custom brz-css-o8PC9\" data-brz-custom-id=\"gropnbhzdzchhmbcpxdlenjzaueomepqdmcl\">\n<div data-brz-translate-text=\"1\">\n<p class=\"brz-fs-sm-4 brz-tp-sm-empty brz-lh-sm-1_9 brz-ls-sm-0 brz-fw-sm-500 brz-fss-sm-vw brz-tp-lg-empty brz-lh-lg-1_9 brz-ls-lg-0 brz-fw-lg-500 brz-fss-lg-px brz-fs-lg-32 brz-ft-google brz-ff-montserrat brz-text-lg-center brz-tp-xs-empty brz-fs-xs-5 brz-fss-xs-vw brz-fw-xs-500 brz-ls-xs-0 brz-lh-xs-1_9 brz-css-qsXKc\" data-generated-css=\"brz-css-lcomy\" data-uniq-id=\"jmcyt\"><span>RECOMMANDATIONS DE LAVAGE<\/span><\/p>\n<ul>\n<li class=\"brz-tp-sm-empty brz-lh-sm-1_9 brz-ls-sm-0 brz-fw-sm-500 brz-fss-sm-vw brz-fs-sm-2 brz-tp-lg-empty brz-lh-lg-1_9 brz-ls-lg-0 brz-fw-lg-500 brz-fss-lg-px brz-fs-lg-22 brz-ft-google brz-ff-montserrat brz-fs-xs-3 brz-fss-xs-vw brz-fw-xs-500 brz-ls-xs-0 brz-lh-xs-1_9 brz-tp-xs-empty brz-css-uRc7C\" data-generated-css=\"brz-css-hbvwy\" data-uniq-id=\"edobk\"><span>V\u00e9rifiez tout le mat\u00e9riel pour vous assurer qu'il n'y a pas d'objet pointu qui pourrait endommager le tissu.<\/span><\/li>\n<li class=\"brz-tp-sm-empty brz-lh-sm-1_9 brz-ls-sm-0 brz-fw-sm-500 brz-fss-sm-vw brz-fs-sm-2 brz-tp-lg-empty brz-lh-lg-1_9 brz-ls-lg-0 brz-fw-lg-500 brz-fss-lg-px brz-fs-lg-22 brz-ft-google brz-ff-montserrat brz-fs-xs-3 brz-fss-xs-vw brz-fw-xs-500 brz-ls-xs-0 brz-lh-xs-1_9 brz-tp-xs-empty brz-css-pbRMr\" data-generated-css=\"brz-css-goqfe\" data-uniq-id=\"fyart\"><span>Ne surchargez pas l'\u00e9quipement ; 75-80% de la capacit\u00e9 est optimale.<\/span><\/li>\n<li class=\"brz-tp-sm-empty brz-lh-sm-1_9 brz-ls-sm-0 brz-fw-sm-500 brz-fss-sm-vw brz-fs-sm-2 brz-tp-lg-empty brz-lh-lg-1_9 brz-ls-lg-0 brz-fw-lg-500 brz-fss-lg-px brz-fs-lg-22 brz-ft-google brz-ff-montserrat brz-fs-xs-3 brz-fss-xs-vw brz-fw-xs-500 brz-ls-xs-0 brz-lh-xs-1_9 brz-tp-xs-empty brz-css-bYz7K\" data-generated-css=\"brz-css-gssta\" data-uniq-id=\"ihfst\"><span>La temp\u00e9rature ne doit pas d\u00e9passer 140\u00baF pour les op\u00e9rations de lavage.<\/span><\/li>\n<li class=\"brz-tp-sm-empty brz-lh-sm-1_9 brz-ls-sm-0 brz-fw-sm-500 brz-fss-sm-vw brz-fs-sm-2 brz-tp-lg-empty brz-lh-lg-1_9 brz-ls-lg-0 brz-fw-lg-500 brz-fss-lg-px brz-fs-lg-22 brz-ft-google brz-ff-montserrat brz-fs-xs-3 brz-fss-xs-vw brz-fw-xs-500 brz-ls-xs-0 brz-lh-xs-1_9 brz-tp-xs-empty brz-css-v8iJY\" data-generated-css=\"brz-css-fjami\" data-uniq-id=\"byqmh\"><span>N'utilisez pas d'hypochlorite de sodium (agent de plage) comme agent d\u00e9sinfectant, utilisez du peroxyde d'hydrog\u00e8ne (35%) \u00e0 une concentration de 150 ppm, PH 10,5 maximum.<\/span><\/li>\n<li class=\"brz-tp-sm-empty brz-lh-sm-1_9 brz-ls-sm-0 brz-fw-sm-500 brz-fss-sm-vw brz-fs-sm-2 brz-tp-lg-empty brz-lh-lg-1_9 brz-ls-lg-0 brz-fw-lg-500 brz-fss-lg-px brz-fs-lg-22 brz-ft-google brz-ff-montserrat brz-fs-xs-3 brz-fss-xs-vw brz-fw-xs-500 brz-ls-xs-0 brz-lh-xs-1_9 brz-tp-xs-empty brz-css-oxw1j\" data-generated-css=\"brz-css-bfefd\" data-uniq-id=\"ycwxw\"><span>L'unit\u00e9 d'extraction \u00e0 haute pression de type plongeur \u00e0 un \u00e9tage peut endommager les tissus fabriqu\u00e9s avec Stedair\u00ae TX L3. <\/span><\/li>\n<li class=\"brz-tp-sm-empty brz-lh-sm-1_9 brz-ls-sm-0 brz-fw-sm-500 brz-fss-sm-vw brz-fs-sm-2 brz-tp-lg-empty brz-lh-lg-1_9 brz-ls-lg-0 brz-fw-lg-500 brz-fss-lg-px brz-fs-lg-22 brz-ft-google brz-ff-montserrat brz-fs-xs-3 brz-fss-xs-vw brz-fw-xs-500 brz-ls-xs-0 brz-lh-xs-1_9 brz-tp-xs-empty brz-css-xCVvL\" data-generated-css=\"brz-css-eoxyw\" data-uniq-id=\"yplli\"><span>\u00c9vitez les temp\u00e9ratures trop \u00e9lev\u00e9es ou un s\u00e9chage trop important pendant le processus. Assurez-vous d'avoir une p\u00e9riode de refroidissement ad\u00e9quate et pliez les marchandises imm\u00e9diatement a\u017fter la fin du s\u00e9chage pour \u00e9viter les plis.<\/span><\/li>\n<li class=\"brz-tp-sm-empty brz-lh-sm-1_9 brz-ls-sm-0 brz-fw-sm-500 brz-fss-sm-vw brz-fs-sm-2 brz-tp-lg-empty brz-lh-lg-1_9 brz-ls-lg-0 brz-fw-lg-500 brz-fss-lg-px brz-fs-lg-22 brz-ft-google brz-ff-montserrat brz-fs-xs-3 brz-fss-xs-vw brz-fw-xs-500 brz-ls-xs-0 brz-lh-xs-1_9 brz-tp-xs-empty brz-css-pT12n\" data-generated-css=\"brz-css-dornw\" data-uniq-id=\"nlnqy\"><span>La temp\u00e9rature de st\u00e9rilisation ne doit pas d\u00e9passer 270\u00baF. Il est fortement recommand\u00e9 de mettre en place un syst\u00e8me d'assurance qualit\u00e9<\/span><\/li>\n<li class=\"brz-tp-sm-empty brz-lh-sm-1_9 brz-ls-sm-0 brz-fw-sm-500 brz-fss-sm-vw brz-fs-sm-2 brz-tp-lg-empty brz-lh-lg-1_9 brz-ls-lg-0 brz-fw-lg-500 brz-fss-lg-px brz-fs-lg-22 brz-ft-google brz-ff-montserrat brz-fs-xs-3 brz-fss-xs-vw brz-fw-xs-500 brz-ls-xs-0 brz-lh-xs-1_9 brz-tp-xs-empty brz-css-pkuGS\" data-generated-css=\"brz-css-olvpz\" data-uniq-id=\"kxjou\"><span>Programme d'assurance pour garantir la fiabilit\u00e9 continue des performances des produits contenant du Stedair\u00ae TX L3. Ne pas repasser.<\/span><\/li>\n<\/ul>\n<\/div>\n<\/div>\n<\/div>\n<\/div>\n<\/div>\n<\/div>\n<\/div>\n<\/div>\n<\/div>\n<\/section>\n<\/div>\n<p>    <!-- version:1714805442 --><\/p>","protected":false},"excerpt":{"rendered":"<p>Stedair\u00ae Isolation Gown Level 3 Protect your personnel with a medical liquid barrier Stedair\u00ae TX L3 Stedair\u00ae medical liquid barriers specifically designed for protection against fluid penetration while remaining breathable and comfortable. TYPE 1 &#8211; Polyester with ePTFE film. Product Benefits Resistant to penetration of fluids Wash durable &#8211; 75 wash sterilization cycles High breathability [&hellip;]<\/p>\n","protected":false},"author":1,"featured_media":0,"parent":0,"menu_order":0,"comment_status":"closed","ping_status":"closed","template":"template-page-builder.php","meta":{"inline_featured_image":false,"footnotes":""},"class_list":["post-2615","page","type-page","status-publish","hentry"],"aioseo_notices":[],"jetpack_sharing_enabled":true,"brizy_media":[{"id":2630,"url":"https:\/\/www.atmshealth.com\/wp-content\/uploads\/2021\/10\/StedAir-Medical-Isolation-Gown-Level-3-1.jpg","name":"StedAir-Medical-Isolation-Gown-Level-3-1.jpg","meta":{"brizy_attachment_uid":"wp-6b47203d61512124cc3584450b4b7b05.jpg","brizy_post_uid":["a14a2769f83bdf866c35ee119e92448a"]}},{"id":2634,"url":"https:\/\/www.atmshealth.com\/wp-content\/uploads\/2021\/10\/Stedair-Medical-Isolation-Table-1.png","name":"Stedair-Medical-Isolation-Table-1.png","meta":{"brizy_attachment_uid":"wp-d551188a73b4e019e852b3be1da2dc58.png","brizy_post_uid":["a14a2769f83bdf866c35ee119e92448a"]}}],"_links":{"self":[{"href":"https:\/\/www.atmshealth.com\/fr\/wp-json\/wp\/v2\/pages\/2615","targetHints":{"allow":["GET"]}}],"collection":[{"href":"https:\/\/www.atmshealth.com\/fr\/wp-json\/wp\/v2\/pages"}],"about":[{"href":"https:\/\/www.atmshealth.com\/fr\/wp-json\/wp\/v2\/types\/page"}],"author":[{"embeddable":true,"href":"https:\/\/www.atmshealth.com\/fr\/wp-json\/wp\/v2\/users\/1"}],"replies":[{"embeddable":true,"href":"https:\/\/www.atmshealth.com\/fr\/wp-json\/wp\/v2\/comments?post=2615"}],"version-history":[{"count":17,"href":"https:\/\/www.atmshealth.com\/fr\/wp-json\/wp\/v2\/pages\/2615\/revisions"}],"predecessor-version":[{"id":3515,"href":"https:\/\/www.atmshealth.com\/fr\/wp-json\/wp\/v2\/pages\/2615\/revisions\/3515"}],"wp:attachment":[{"href":"https:\/\/www.atmshealth.com\/fr\/wp-json\/wp\/v2\/media?parent=2615"}],"curies":[{"name":"wp","href":"https:\/\/api.w.org\/{rel}","templated":true}]}}