{"id":2581,"date":"2021-10-14T11:10:25","date_gmt":"2021-10-14T15:10:25","guid":{"rendered":"http:\/\/localhost:10004\/?page_id=2581"},"modified":"2026-04-24T12:47:26","modified_gmt":"2026-04-24T16:47:26","slug":"reusable-equipment","status":"publish","type":"page","link":"https:\/\/www.atmshealth.com\/fr\/reusable-equipment\/","title":{"rendered":"Produit r\u00e9utilisable"},"content":{"rendered":"<div class=\"brz-root__container brz-reset-all\">\n<section id=\"tbzmyhbjfeokgqfynverkbxvtipgcdemyeff\" class=\"brz-section brz-css-xxKzo\">\n<div class=\"brz-section__content brz-section--boxed brz-css-sJN1o brz-css-qwCCk\" data-brz-custom-id=\"sbqzxpqnlbzeysjtpyiiqfybmfxskdpoiunk\">\n<div class=\"brz-container brz-css-caxIG\">\n<div id class=\"brz-css-wnC29 brz-wrapper\">\n<div class=\"brz-rich-text brz-rich-text__custom brz-css-sLTtj\" data-brz-custom-id=\"kwfwilzfeuiamqclpjycoohrdxropnseynak\">\n<div data-brz-translate-text=\"1\">\n<p class=\"brz-fw-lg-500 brz-fss-lg-px brz-fs-lg-52 brz-ft-google brz-ff-montserrat brz-lh-lg-1_4 brz-ls-lg-0 brz-tp-lg-empty brz-text-lg-center brz-fs-sm-6 brz-fss-sm-vw brz-fw-sm-500 brz-ls-sm-0 brz-lh-sm-1_3 brz-tp-sm-empty brz-fs-xs-7 brz-fss-xs-vw brz-fw-xs-500 brz-ls-xs-0 brz-lh-xs-1_9 brz-tp-xs-empty brz-css-qqX0k\" data-generated-css=\"brz-css-qR5in\" data-uniq-id=\"wo1Vu\"><span>Produit r\u00e9utilisable<\/span><\/p>\n<p class=\"brz-lh-lg-1_3 brz-ls-lg-0 brz-fw-lg-400 brz-fss-lg-px brz-fs-lg-26 brz-ft-google brz-ff-montserrat brz-tp-lg-empty brz-text-lg-center brz-fs-sm-3 brz-fss-sm-vw brz-fw-sm-400 brz-ls-sm-0 brz-lh-sm-1_3 brz-tp-sm-empty brz-tp-xs-empty brz-fs-xs-5 brz-fss-xs-vw brz-fw-xs-400 brz-ls-xs-0 brz-lh-xs-1_3 brz-css-bcrle\" data-generated-css=\"brz-css-fu59t\" data-uniq-id=\"kPcnu\"><span>Assurez la s\u00e9curit\u00e9 de votre personnel avec des \u00e9quipements m\u00e9dicaux r\u00e9utilisables<\/span><\/p>\n<\/div>\n<\/div>\n<\/div>\n<\/div>\n<\/div>\n<\/section>\n<section id=\"zvoupxtkkozgvpttkrfvdorgsyllryhpodwu\" class=\"brz-section brz-css-xxKzo\">\n<div class=\"brz-section__content brz-section--boxed brz-css-sJN1o brz-css-zCUQc\" data-brz-custom-id=\"kecdyvtyfcuczbjrtytcwfidmfvbbadrzkng\">\n<div class=\"brz-container brz-css-caxIG\">\n<div class=\"brz-row__container brz-css-oqaHm\" data-brz-custom-id=\"moixomohvfaatododvgbvcehebybgfhtywks\">\n<div class=\"brz-bg\"><\/div>\n<div class=\"brz-row brz-css-pGkzB brz-css-luOpD\">\n<div class=\"brz-columns brz-css-vkseq\" data-brz-custom-id=\"rbrabbnbuecrirxshddxixdtpbwapjmtyjql\">\n<div class=\"brz-bg\"><\/div>\n<div class=\"brz-column__items brz-css-mvHsG\">\n<div id class=\"brz-css-wnC29 brz-wrapper\">\n<div class=\"brz-image brz-css-dDlKv\" data-brz-custom-id=\"ixwmwawdvrklwbszrqjyvtpdnzxiqdvqkrtp\"><a class=\"brz-a\" href=\"http:\/\/localhost:10004\/medical-gown-level-3\/\" target=\"_self\" rel=\"noopener\" data-brz-link-type=\"external\"><img decoding=\"async\" class=\"brz-img\" src=\"https:\/\/www.atmshealth.com\/?brizy_media=wp-82ecf70a767057ad83bcbf6a49af73f1.jpg&amp;brizy_crop=iW%3D555%26iH%3D833%26oX%3D0%26oY%3D116%26cW%3D555%26cH%3D600\" alt=\"\" loading=\"lazy\"><\/a><\/div>\n<\/div>\n<div id class=\"brz-css-wnC29 brz-wrapper\">\n<div class=\"brz-rich-text brz-rich-text__custom brz-css-sLTtj\" data-brz-custom-id=\"cjvrwscrzdhgceimuqmcssujqfeguobatffj\">\n<div data-brz-translate-text=\"1\">\n<p class=\"brz-lh-lg-1_4 brz-ls-lg-0 brz-fw-lg-500 brz-fss-lg-px brz-tp-lg-empty brz-text-lg-center brz-ff-montserrat brz-ft-google brz-fs-lg-30 brz-fs-sm-3 brz-fss-sm-vw brz-fw-sm-500 brz-ls-sm-0 brz-lh-sm-1_4 brz-tp-sm-empty brz-fss-xs-vw brz-fw-xs-500 brz-ls-xs-0 brz-lh-xs-1_4 brz-tp-xs-empty brz-fs-xs-7 brz-css-lBXrm\" data-uniq-id=\"lomsk\" data-generated-css=\"brz-css-sjsgm\"><span>Blouse d'isolation niveau 3<\/span><\/p>\n<\/div>\n<\/div>\n<\/div>\n<div id class=\"brz-css-wnC29 brz-css-q6P1L brz-css-jmSxl brz-wrapper\">\n<div class=\"brz-spacer brz-css-sPn6K brz-css-dFGiE\"><\/div>\n<\/div>\n<div class=\"brz-wrapper-clone brz-css-vGUo2\">\n<div class=\"brz-d-xs-flex brz-flex-xs-wrap brz-css-vDyPi\" data-brz-custom-id>\n<div class=\"brz-wrapper-clone__item\" id=\"laldgbanmwizejaonhhrlezdmibckonbrwtz\"><a class=\"brz-a brz-btn brz-css-qf6f_ brz-css-mjLR6\" href=\"http:\/\/localhost:10004\/medical-gown-level-3\/\" target=\"_self\" rel=\"noopener\" data-brz-link-type=\"external\" data-brz-custom-id=\"laldgbanmwizejaonhhrlezdmibckonbrwtz\"><span data-brz-translate-text=\"1\" class=\"brz-span brz-text__editor\">PLUS DE D\u00c9TAILS<\/span><\/a><\/div>\n<\/div>\n<\/div>\n<\/div>\n<\/div>\n<div class=\"brz-columns brz-css-vkseq\" data-brz-custom-id=\"apchgonrqudhzgdpudlhducozrtgdilbicoj\">\n<div class=\"brz-bg\"><\/div>\n<div class=\"brz-column__items brz-css-mvHsG\">\n<div id class=\"brz-css-wnC29 brz-wrapper\">\n<div class=\"brz-image brz-css-m5Q9y\" data-brz-custom-id=\"bqsswhtuekuoecvvioqfryweinsfulntzuzw\"><a class=\"brz-a\" href=\"http:\/\/localhost:10004\/medical-gown-level-4\/\" target=\"_self\" rel=\"noopener\" data-brz-link-type=\"external\"><img decoding=\"async\" class=\"brz-img\" src=\"https:\/\/www.atmshealth.com\/?brizy_media=wp-3de87838c127d0fc016120528141ace2.jpg&amp;brizy_crop=iW%3D555%26iH%3D795%26oX%3D0%26oY%3D98%26cW%3D555%26cH%3D600\" alt=\"\" loading=\"lazy\"><\/a><\/div>\n<\/div>\n<div id class=\"brz-css-wnC29 brz-wrapper\">\n<div class=\"brz-rich-text brz-rich-text__custom brz-css-sLTtj\" data-brz-custom-id=\"pjuvgdlfgwchyrqifmzxgtglkiuldvwmiuke\">\n<div data-brz-translate-text=\"1\">\n<p class=\"brz-tp-lg-empty brz-lh-lg-1_4 brz-ls-lg-0 brz-fw-lg-500 brz-fss-lg-px brz-text-lg-center brz-ff-montserrat brz-ft-google brz-fs-lg-30 brz-fs-sm-3 brz-fss-sm-vw brz-fw-sm-500 brz-ls-sm-0 brz-lh-sm-1_4 brz-tp-sm-empty brz-fss-xs-vw brz-fw-xs-500 brz-ls-xs-0 brz-lh-xs-1_4 brz-tp-xs-empty brz-fs-xs-7 brz-css-eS41F\" data-uniq-id=\"xvoub\" data-generated-css=\"brz-css-koldy\"><span>Blouse m\u00e9dicale niveau 4<\/span><\/p>\n<\/div>\n<\/div>\n<\/div>\n<div id class=\"brz-css-wnC29 brz-css-q6P1L brz-css-btgCF brz-wrapper\">\n<div class=\"brz-spacer brz-css-sPn6K brz-css-xHP2e\"><\/div>\n<\/div>\n<div class=\"brz-wrapper-clone brz-css-vGUo2\">\n<div class=\"brz-d-xs-flex brz-flex-xs-wrap brz-css-vDyPi\" data-brz-custom-id>\n<div class=\"brz-wrapper-clone__item\" id=\"rdqubdambjqvvdunzqrfablqtyrqfpzbufeo\"><a class=\"brz-a brz-btn brz-css-qf6f_ brz-css-aozkM\" href=\"http:\/\/localhost:10004\/medical-gown-level-4\/\" target=\"_self\" rel=\"noopener\" data-brz-link-type=\"external\" data-brz-custom-id=\"rdqubdambjqvvdunzqrfablqtyrqfpzbufeo\"><span data-brz-translate-text=\"1\" class=\"brz-span brz-text__editor\">PLUS DE D\u00c9TAILS<\/span><\/a><\/div>\n<\/div>\n<\/div>\n<\/div>\n<\/div>\n<\/div>\n<\/div>\n<\/div>\n<\/div>\n<\/section>\n<section id=\"vckfzfekkglqpuydsfnvybzmajdbzdpeyzcd\" class=\"brz-section brz-css-xxKzo\">\n<div class=\"brz-section__content brz-section--boxed brz-css-sJN1o brz-css-j8E2A\" data-brz-custom-id=\"lmemyctbgnsjfkvnovodxqpqxdrqkqnffhhl\">\n<div class=\"brz-bg\">\n<div class=\"brz-bg-color\"><\/div>\n<\/div>\n<div class=\"brz-container brz-css-caxIG\">\n<div id class=\"brz-css-wnC29 brz-css-q6P1L brz-wrapper\">\n<div class=\"brz-spacer brz-css-sPn6K brz-css-ffnLc\"><\/div>\n<\/div>\n<\/div>\n<\/div>\n<\/section>\n<section id=\"ntuljoyetmayktonhougtmcsnqkhwolfnuoi\" class=\"brz-section brz-css-xxKzo\">\n<div class=\"brz-section__content brz-section--boxed brz-css-sJN1o brz-css-bG6sG\" data-brz-custom-id=\"rrqvsnstezgbzlcssaahnzxtyiihlgvehqub\">\n<div class=\"brz-bg\">\n<div class=\"brz-bg-color\"><\/div>\n<\/div>\n<div class=\"brz-container brz-css-caxIG\">\n<div id class=\"brz-css-wnC29 brz-wrapper\">\n<div class=\"brz-rich-text brz-rich-text__custom brz-css-sLTtj\" data-brz-custom-id=\"rfywqwkuaipmzcuaixqwhmksgbufxlweopue\">\n<div data-brz-translate-text=\"1\">\n<p class=\"brz-fs-sm-4 brz-fw-lg-500 brz-fss-lg-px brz-fs-lg-46 brz-ft-google brz-ff-montserrat brz-tp-lg-empty brz-lh-lg-1_3 brz-ls-lg-m_1_5 brz-text-lg-center brz-fss-sm-vw brz-fw-sm-500 brz-ls-sm-m_1_5 brz-lh-sm-1_3 brz-tp-sm-empty brz-fss-xs-vw brz-fw-xs-500 brz-ls-xs-m_1_5 brz-lh-xs-1_3 brz-tp-xs-empty brz-fs-xs-7 brz-css-wjQsN\" data-uniq-id=\"qxjnb\" data-generated-css=\"brz-css-znltl\"><span>Am\u00e9liorez votre empreinte \u00e9cologique d\u00e8s maintenant<\/span><\/p>\n<\/div>\n<\/div>\n<\/div>\n<div id class=\"brz-css-wnC29 brz-css-l36tG brz-wrapper\">\n<div class=\"brz-line brz-line-default brz-css-dYYK9 brz-css-wN2Gx\" data-brz-custom-id=\"vuymhayrgmnyocsfozijcijxqlcenupaozvq\">\n<hr class=\"brz-hr\"><\/div>\n<\/div>\n<div class=\"brz-wrapper-clone brz-css-vGUo2\">\n<div class=\"brz-d-xs-flex brz-flex-xs-wrap brz-css-vDyPi\" data-brz-custom-id>\n<div class=\"brz-wrapper-clone__item\" id=\"fctzbamdlevngckdcjfomqsqdfvbwygqnhib\"><a class=\"brz-a brz-btn brz-css-qf6f_ brz-css-f4fyq\" href=\"http:\/\/localhost:10004\/contact-us\/\" target=\"_self\" rel=\"noopener\" data-brz-link-type=\"external\" data-brz-custom-id=\"fctzbamdlevngckdcjfomqsqdfvbwygqnhib\"><span data-brz-translate-text=\"1\" class=\"brz-span brz-text__editor\">CONTACTEZ-NOUS<\/span><\/a><\/div>\n<\/div>\n<\/div>\n<\/div>\n<\/div>\n<\/section>\n<section id=\"mstewltbgmorvaebmizantnzxvkbcnyuoxdz\" class=\"brz-section brz-css-xxKzo\">\n<div class=\"brz-section__content brz-section--boxed brz-css-sJN1o brz-css-jTx8x\" data-brz-custom-id=\"caztldchjoajbhdmfeghkzxjxzetlzpvvaoc\">\n<div class=\"brz-bg\">\n<div class=\"brz-bg-color\"><\/div>\n<\/div>\n<div class=\"brz-container brz-css-caxIG\">\n<div id class=\"brz-css-wnC29 brz-css-q6P1L brz-wrapper\">\n<div class=\"brz-spacer brz-css-sPn6K brz-css-sU9ZG\"><\/div>\n<\/div>\n<\/div>\n<\/div>\n<\/section>\n<section id=\"snqfsbukebklxisjeaolnyyjshmkolmrrqoy\" class=\"brz-section brz-css-xxKzo\">\n<div class=\"brz-section__content brz-section--boxed brz-css-sJN1o brz-css-mBjey\" data-brz-custom-id=\"abffvnflydbgaaipxbajcbqzaldxcxappvri\">\n<div class=\"brz-container brz-css-caxIG\"><\/div>\n<\/div>\n<\/section>\n<\/div>\n<p>    <!-- version:1747077251 --><\/p>","protected":false},"excerpt":{"rendered":"<p>Reusable Product Ensure your staff&#8217;s safety with reusable health gear Isolation Gown Level 3 MORE DETAILS Medical Gown Level 4 MORE DETAILS Improve Your Ecological Footprint Now CONTACT US<\/p>","protected":false},"author":1,"featured_media":0,"parent":0,"menu_order":0,"comment_status":"closed","ping_status":"closed","template":"template-page-builder.php","meta":{"inline_featured_image":false,"footnotes":""},"class_list":["post-2581","page","type-page","status-publish","hentry"],"aioseo_notices":[],"jetpack_sharing_enabled":true,"brizy_media":[],"_links":{"self":[{"href":"https:\/\/www.atmshealth.com\/fr\/wp-json\/wp\/v2\/pages\/2581","targetHints":{"allow":["GET"]}}],"collection":[{"href":"https:\/\/www.atmshealth.com\/fr\/wp-json\/wp\/v2\/pages"}],"about":[{"href":"https:\/\/www.atmshealth.com\/fr\/wp-json\/wp\/v2\/types\/page"}],"author":[{"embeddable":true,"href":"https:\/\/www.atmshealth.com\/fr\/wp-json\/wp\/v2\/users\/1"}],"replies":[{"embeddable":true,"href":"https:\/\/www.atmshealth.com\/fr\/wp-json\/wp\/v2\/comments?post=2581"}],"version-history":[{"count":23,"href":"https:\/\/www.atmshealth.com\/fr\/wp-json\/wp\/v2\/pages\/2581\/revisions"}],"predecessor-version":[{"id":3766,"href":"https:\/\/www.atmshealth.com\/fr\/wp-json\/wp\/v2\/pages\/2581\/revisions\/3766"}],"wp:attachment":[{"href":"https:\/\/www.atmshealth.com\/fr\/wp-json\/wp\/v2\/media?parent=2581"}],"curies":[{"name":"wp","href":"https:\/\/api.w.org\/{rel}","templated":true}]}}